{"id":2808,"date":"2020-07-13T16:57:48","date_gmt":"2020-07-13T14:57:48","guid":{"rendered":"https:\/\/cienfuegos.fr\/?post_type=product&#038;p=2808"},"modified":"2020-08-02T08:06:27","modified_gmt":"2020-08-02T06:06:27","slug":"maizal-del-gregoriano-2","status":"publish","type":"product","link":"https:\/\/cienfuegos.fr\/index.php\/product\/maizal-del-gregoriano-2\/","title":{"rendered":"Maizal del gregoriano"},"content":{"rendered":"","protected":false},"excerpt":{"rendered":"<p>Autor: Calveyra, Arnaldo<br \/>\nEditorial: Adriana Hidalgo<br \/>\nI.S.B.N : 978-987-1156-28-3<\/p>\n<p>Un hombre de Entre R\u00edos se sienta en la abad\u00eda de Solesmes y atiende con los ojos el sonido del gregoriano. Ese murmullo desata ramalazos de memorias que se exilian en sus o\u00eddos. El poeta trabaja su poema \u2013autobiogr\u00e1fico, narrativo\u2013 con las distancias y los tiempos. Entre la prehistoria, la edad dorada de Entre R\u00edos y la Edad Media, una imaginaci\u00f3n m\u00edtica se extiende en planos simult\u00e1neos, en una cuarta dimensi\u00f3n de horizontes plurales que indaga el presente.<\/p>\n","protected":false},"featured_media":0,"comment_status":"closed","ping_status":"closed","template":"","meta":[],"class_list":{"0":"post-2808","1":"product","2":"type-product","3":"status-publish","5":"product_cat-poesia","6":"post","8":"first","9":"instock","10":"taxable","11":"shipping-taxable","12":"purchasable","13":"product-type-simple"},"_links":{"self":[{"href":"https:\/\/cienfuegos.fr\/index.php\/wp-json\/wp\/v2\/product\/2808","targetHints":{"allow":["GET"]}}],"collection":[{"href":"https:\/\/cienfuegos.fr\/index.php\/wp-json\/wp\/v2\/product"}],"about":[{"href":"https:\/\/cienfuegos.fr\/index.php\/wp-json\/wp\/v2\/types\/product"}],"replies":[{"embeddable":true,"href":"https:\/\/cienfuegos.fr\/index.php\/wp-json\/wp\/v2\/comments?post=2808"}],"wp:attachment":[{"href":"https:\/\/cienfuegos.fr\/index.php\/wp-json\/wp\/v2\/media?parent=2808"}],"curies":[{"name":"wp","href":"https:\/\/api.w.org\/{rel}","templated":true}]}}