{"id":2805,"date":"2020-07-13T16:57:43","date_gmt":"2020-07-13T14:57:43","guid":{"rendered":"https:\/\/cienfuegos.fr\/?post_type=product&#038;p=2805"},"modified":"2020-08-02T08:12:04","modified_gmt":"2020-08-02T06:12:04","slug":"el-compadrito-2","status":"publish","type":"product","link":"https:\/\/cienfuegos.fr\/index.php\/product\/el-compadrito-2\/","title":{"rendered":"El compadrito"},"content":{"rendered":"","protected":false},"excerpt":{"rendered":"<p>Autor: Borges, Jorge Luis<br \/>\nEditorial: EMEC\u00c9<br \/>\nA\u00f1o de publicaci\u00f3n: 2000<br \/>\nN\u00famero de p\u00e1ginas:<br \/>\nI.S.B.N:<\/p>\n<p>Antolog\u00eda de textos que tienen como tema central una de lasfiguras m\u00edticas de la historia de Buenos Aires. 1a. ed. : 1945. Los textos de m\u00e1s de veinte autores, entre ellos Fray Mocho, Evaristo Carriego, Roberto Arlt, Miguelo D. Etchebarne, Adolfo Sald\u00edas, el propio Borges, se han agrupado en tres partes: los de la primera registran el destino del compadrito, su \u00e9tica de hombre que est\u00e1 solo y que nada espera de nadie los de la segunda, la cronolog\u00eda de su arrabal; los de latercera, su m\u00fasica.<\/p>\n","protected":false},"featured_media":0,"comment_status":"closed","ping_status":"closed","template":"","meta":[],"class_list":{"0":"post-2805","1":"product","2":"type-product","3":"status-publish","5":"product_cat-poesia","6":"post","8":"first","9":"instock","10":"taxable","11":"shipping-taxable","12":"purchasable","13":"product-type-simple"},"_links":{"self":[{"href":"https:\/\/cienfuegos.fr\/index.php\/wp-json\/wp\/v2\/product\/2805","targetHints":{"allow":["GET"]}}],"collection":[{"href":"https:\/\/cienfuegos.fr\/index.php\/wp-json\/wp\/v2\/product"}],"about":[{"href":"https:\/\/cienfuegos.fr\/index.php\/wp-json\/wp\/v2\/types\/product"}],"replies":[{"embeddable":true,"href":"https:\/\/cienfuegos.fr\/index.php\/wp-json\/wp\/v2\/comments?post=2805"}],"wp:attachment":[{"href":"https:\/\/cienfuegos.fr\/index.php\/wp-json\/wp\/v2\/media?parent=2805"}],"curies":[{"name":"wp","href":"https:\/\/api.w.org\/{rel}","templated":true}]}}