{"id":2804,"date":"2020-07-13T16:57:42","date_gmt":"2020-07-13T14:57:42","guid":{"rendered":"https:\/\/cienfuegos.fr\/?post_type=product&#038;p=2804"},"modified":"2020-08-02T08:13:19","modified_gmt":"2020-08-02T06:13:19","slug":"el-idioma-de-los-argentinos-2","status":"publish","type":"product","link":"https:\/\/cienfuegos.fr\/index.php\/product\/el-idioma-de-los-argentinos-2\/","title":{"rendered":"El idioma de los argentinos"},"content":{"rendered":"","protected":false},"excerpt":{"rendered":"<p>Autor: Borges, Jorge Luis<br \/>\nEditorial: Seix Barral<br \/>\nA\u00f1o de publicaci\u00f3n: 1994<br \/>\nN\u00famero de p\u00e1ginas:<br \/>\nI.S.B.N:<\/p>\n<p>Publicado en 1928 en una tirada de quinientos ejemplares, al igual que dos a\u00f1os antes \u00abEl tama\u00f1o de mi esperanza\u00bb, El idioma de los argentinos corri\u00f3 la misma suerte que este \u00faltimo e \u00abInquisiciones\u00bb, quedando oficialmente desterrado de la obra del autor, quien no obstante recuper\u00f3 textos sueltos de estos libros para la edici\u00f3n de sus obras en la prestigiosa colecci\u00f3n francesa de La Pl\u00e9iade. Sin embargo, igual que nadie puede renunciar al tiempo y a las cosas ya vividas, y menos hacerlas desaparecer, en estas p\u00e1ginas estaba ya sin duda Borges: \u00abTres direcciones cardinales rigen este libro. La primera es un recelo, el lenguaje; la segunda es un misterio y una esperanza, la eternidad; la tercera es esta gustaci\u00f3n, Buenos Aires. Las dos \u00faltimas confluyen en la declaraci\u00f3n intitulada Sentirse en muerte. La primera quiere vigilar en todo decir.\u00bb<\/p>\n","protected":false},"featured_media":0,"comment_status":"closed","ping_status":"closed","template":"","meta":[],"class_list":{"0":"post-2804","1":"product","2":"type-product","3":"status-publish","5":"product_cat-ensayo","6":"post","8":"first","9":"instock","10":"taxable","11":"shipping-taxable","12":"purchasable","13":"product-type-simple"},"_links":{"self":[{"href":"https:\/\/cienfuegos.fr\/index.php\/wp-json\/wp\/v2\/product\/2804","targetHints":{"allow":["GET"]}}],"collection":[{"href":"https:\/\/cienfuegos.fr\/index.php\/wp-json\/wp\/v2\/product"}],"about":[{"href":"https:\/\/cienfuegos.fr\/index.php\/wp-json\/wp\/v2\/types\/product"}],"replies":[{"embeddable":true,"href":"https:\/\/cienfuegos.fr\/index.php\/wp-json\/wp\/v2\/comments?post=2804"}],"wp:attachment":[{"href":"https:\/\/cienfuegos.fr\/index.php\/wp-json\/wp\/v2\/media?parent=2804"}],"curies":[{"name":"wp","href":"https:\/\/api.w.org\/{rel}","templated":true}]}}