{"id":2797,"date":"2020-07-13T16:57:31","date_gmt":"2020-07-13T14:57:31","guid":{"rendered":"https:\/\/cienfuegos.fr\/?post_type=product&#038;p=2797"},"modified":"2020-08-02T08:17:11","modified_gmt":"2020-08-02T06:17:11","slug":"autobiografia-de-jose-clemente-orozco-2","status":"publish","type":"product","link":"https:\/\/cienfuegos.fr\/index.php\/product\/autobiografia-de-jose-clemente-orozco-2\/","title":{"rendered":"Autobiograf\u00eda de Jos\u00e9 Clemente Orozco"},"content":{"rendered":"","protected":false},"excerpt":{"rendered":"<p>Autor: Orozco, Jos\u00e9 Clemente<br \/>\nEditorial: Era<br \/>\nA\u00f1o de publicaci\u00f3n: 1991<br \/>\nN\u00famero de p\u00e1ginas:<br \/>\nI.S.B.N:<\/p>\n","protected":false},"featured_media":0,"comment_status":"closed","ping_status":"closed","template":"","meta":[],"class_list":{"0":"post-2797","1":"product","2":"type-product","3":"status-publish","5":"product_cat-biografia-y-autobiografia","6":"post","8":"first","9":"instock","10":"taxable","11":"shipping-taxable","12":"purchasable","13":"product-type-simple"},"_links":{"self":[{"href":"https:\/\/cienfuegos.fr\/index.php\/wp-json\/wp\/v2\/product\/2797","targetHints":{"allow":["GET"]}}],"collection":[{"href":"https:\/\/cienfuegos.fr\/index.php\/wp-json\/wp\/v2\/product"}],"about":[{"href":"https:\/\/cienfuegos.fr\/index.php\/wp-json\/wp\/v2\/types\/product"}],"replies":[{"embeddable":true,"href":"https:\/\/cienfuegos.fr\/index.php\/wp-json\/wp\/v2\/comments?post=2797"}],"wp:attachment":[{"href":"https:\/\/cienfuegos.fr\/index.php\/wp-json\/wp\/v2\/media?parent=2797"}],"curies":[{"name":"wp","href":"https:\/\/api.w.org\/{rel}","templated":true}]}}