{"id":2795,"date":"2020-07-13T16:57:28","date_gmt":"2020-07-13T14:57:28","guid":{"rendered":"https:\/\/cienfuegos.fr\/?post_type=product&#038;p=2795"},"modified":"2020-08-03T00:52:42","modified_gmt":"2020-08-02T22:52:42","slug":"chile-1971-2","status":"publish","type":"product","link":"https:\/\/cienfuegos.fr\/index.php\/product\/chile-1971-2\/","title":{"rendered":"Chile 1971"},"content":{"rendered":"","protected":false},"excerpt":{"rendered":"<p>Autor: Depardon, Raymond<br \/>\nEditorial: LOM<br \/>\nA\u00f1o de publicaci\u00f3n:<br \/>\nN\u00famero de p\u00e1ginas:(2013)<br \/>\nI.S.B.N : 9789560004550<\/p>\n<p>Es el a\u00f1o 1971 y Chile es la tierra prometida. En las calles, campos y poblaciones del pa\u00eds se celebra el primer aniversario del triunfo en las urnas de Salvador Allende. Raymond Depardon viaja al sur mientras espera que se concrete su encuentro con el presidente. En Concepci\u00f3n, Temuco, Valdivia, Chilo\u00e9, el creador de la agencia Gamma, y luego integrante de la prestigiosa Magnum, se detiene en los rostros campesinos, los mira a los ojos y dispara su c\u00e1mara. Chile 1971 muestra la \u00e9pica del triunfo. Una gesta colectiva que ocupa campos y plazas con alegr\u00eda, pero a la vez desconcierto; con esperanza, y tambi\u00e9n con algo parecido al temor. Los hombres y mujeres que retrata Depardon no est\u00e1n tristes, aunque lo parezcan.<\/p>\n","protected":false},"featured_media":0,"comment_status":"closed","ping_status":"closed","template":"","meta":[],"class_list":{"0":"post-2795","1":"product","2":"type-product","3":"status-publish","5":"product_cat-fotografia","6":"post","8":"first","9":"instock","10":"taxable","11":"shipping-taxable","12":"purchasable","13":"product-type-simple"},"_links":{"self":[{"href":"https:\/\/cienfuegos.fr\/index.php\/wp-json\/wp\/v2\/product\/2795","targetHints":{"allow":["GET"]}}],"collection":[{"href":"https:\/\/cienfuegos.fr\/index.php\/wp-json\/wp\/v2\/product"}],"about":[{"href":"https:\/\/cienfuegos.fr\/index.php\/wp-json\/wp\/v2\/types\/product"}],"replies":[{"embeddable":true,"href":"https:\/\/cienfuegos.fr\/index.php\/wp-json\/wp\/v2\/comments?post=2795"}],"wp:attachment":[{"href":"https:\/\/cienfuegos.fr\/index.php\/wp-json\/wp\/v2\/media?parent=2795"}],"curies":[{"name":"wp","href":"https:\/\/api.w.org\/{rel}","templated":true}]}}