{"id":2794,"date":"2020-07-13T16:57:26","date_gmt":"2020-07-13T14:57:26","guid":{"rendered":"https:\/\/cienfuegos.fr\/?post_type=product&#038;p=2794"},"modified":"2020-09-04T11:19:02","modified_gmt":"2020-09-04T09:19:02","slug":"fisonomias-de-animales-2","status":"publish","type":"product","link":"https:\/\/cienfuegos.fr\/index.php\/product\/fisonomias-de-animales-2\/","title":{"rendered":"Fisonom\u00edas de animales"},"content":{"rendered":"","protected":false},"excerpt":{"rendered":"<p>Autor: Cort\u00e9s Juarez, Erasto<br \/>\nEditorial: Ediciones Toledo<br \/>\nA\u00f1o de publicaci\u00f3n:<br \/>\nN\u00famero de p\u00e1ginas:(1990)<br \/>\nI.S.B.N:<\/p>\n<p>Cuidada edici\u00f3n que reproduce la obra de Erasto Cort\u00e9s Juarez publicada en 1950, impresa en 1990 sobre papel litogr\u00e1fico, con una tirada de 2000 ejemplares conmemorando el 40 aniversario de la publicaci\u00f3n. M\u00e9xico, Instituto de Artes Gr\u00e1ficas de Oaxaca, 1990. 4\u00ba mayor, 278 x 210 mm. R\u00fastica original, reproduciendo la cubierta editada en 1950. 46 p. + 1 h. + 40 ilustraciones. Ejemplar en perfecto estado<\/p>\n","protected":false},"featured_media":5430,"comment_status":"closed","ping_status":"closed","template":"","meta":[],"class_list":{"0":"post-2794","1":"product","2":"type-product","3":"status-publish","4":"has-post-thumbnail","6":"product_cat-arte","7":"post","9":"first","10":"instock","11":"taxable","12":"shipping-taxable","13":"purchasable","14":"product-type-simple"},"_links":{"self":[{"href":"https:\/\/cienfuegos.fr\/index.php\/wp-json\/wp\/v2\/product\/2794","targetHints":{"allow":["GET"]}}],"collection":[{"href":"https:\/\/cienfuegos.fr\/index.php\/wp-json\/wp\/v2\/product"}],"about":[{"href":"https:\/\/cienfuegos.fr\/index.php\/wp-json\/wp\/v2\/types\/product"}],"replies":[{"embeddable":true,"href":"https:\/\/cienfuegos.fr\/index.php\/wp-json\/wp\/v2\/comments?post=2794"}],"wp:featuredmedia":[{"embeddable":true,"href":"https:\/\/cienfuegos.fr\/index.php\/wp-json\/wp\/v2\/media\/5430"}],"wp:attachment":[{"href":"https:\/\/cienfuegos.fr\/index.php\/wp-json\/wp\/v2\/media?parent=2794"}],"curies":[{"name":"wp","href":"https:\/\/api.w.org\/{rel}","templated":true}]}}