{"id":2785,"date":"2020-07-13T16:57:13","date_gmt":"2020-07-13T14:57:13","guid":{"rendered":"https:\/\/cienfuegos.fr\/?post_type=product&#038;p=2785"},"modified":"2020-10-14T14:39:37","modified_gmt":"2020-10-14T12:39:37","slug":"biografia-ilustrada-de-mishima-2","status":"publish","type":"product","link":"https:\/\/cienfuegos.fr\/index.php\/product\/biografia-ilustrada-de-mishima-2\/","title":{"rendered":"Biograf\u00eda ilustrada de Mishima"},"content":{"rendered":"","protected":false},"excerpt":{"rendered":"<p>Autor: Bellat\u00edn, Mario<br \/>\nEditorial: Entrop\u00eda<br \/>\nA\u00f1o de publicaci\u00f3n:<br \/>\nN\u00famero de p\u00e1ginas:<br \/>\nI.S.B.N : 978-9872479763<\/p>\n<p>A\u00f1os despu\u00e9s de cometer seppuku, Mishima asiste a la conferencia de un profesor japon\u00e9s en la que se exhiben, gracias a la acci\u00f3n de un artefacto did\u00e1ctico tan complejo como la mente humana, ciertos pasajes decisivos de su vida. Entre ellos, la construcci\u00f3n de una escritura particular como secuela de los lazos parentales y los viajes que realiza el escritor para justificar cl\u00ednicamente su falta de cabeza. Las fotograf\u00edas incluidas en este libro despliegan un espacio paralelo y atraen textos de diferentes \u00e9pocas que se activan para refrendar, desde los bordes del enigma, su car\u00e1cter ritual y prof\u00e9tico. As\u00ed, la indagaci\u00f3n biogr\u00e1fica adquiere un giro inesperado al contrariar la idea de que cada acontecimiento es \u00fanico para revelarnos rigurosamente que todos los personajes viven siempre una id\u00e9ntica trama, con diferentes apariencias.<br \/>\nEn Biograf\u00eda ilustrada de Mishima, Mario Bellatin nos ofrece una obra maestra de figuras espectrales donde la aspereza de su prosa es intervenida por una sensualidad controlada y un humor no exento de malicia. Desde sus p\u00e1ginas, la experiencia f\u00edsica de narrar radicaliza su punto m\u00e1s intenso de exploraci\u00f3n cuando el texto enmudece y abre paso a las im\u00e1genes que se\u00f1alan, desde una nueva perspectiva, aquello que la palabra escrita ha dejado de manifestar.<\/p>\n","protected":false},"featured_media":0,"comment_status":"closed","ping_status":"closed","template":"","meta":[],"class_list":{"0":"post-2785","1":"product","2":"type-product","3":"status-publish","5":"product_cat-narrativa","6":"post","8":"first","9":"outofstock","10":"taxable","11":"shipping-taxable","12":"purchasable","13":"product-type-simple"},"_links":{"self":[{"href":"https:\/\/cienfuegos.fr\/index.php\/wp-json\/wp\/v2\/product\/2785","targetHints":{"allow":["GET"]}}],"collection":[{"href":"https:\/\/cienfuegos.fr\/index.php\/wp-json\/wp\/v2\/product"}],"about":[{"href":"https:\/\/cienfuegos.fr\/index.php\/wp-json\/wp\/v2\/types\/product"}],"replies":[{"embeddable":true,"href":"https:\/\/cienfuegos.fr\/index.php\/wp-json\/wp\/v2\/comments?post=2785"}],"wp:attachment":[{"href":"https:\/\/cienfuegos.fr\/index.php\/wp-json\/wp\/v2\/media?parent=2785"}],"curies":[{"name":"wp","href":"https:\/\/api.w.org\/{rel}","templated":true}]}}