{"id":2784,"date":"2020-07-13T16:57:11","date_gmt":"2020-07-13T14:57:11","guid":{"rendered":"https:\/\/cienfuegos.fr\/?post_type=product&#038;p=2784"},"modified":"2020-08-03T01:07:14","modified_gmt":"2020-08-02T23:07:14","slug":"los-disidentes-del-universo-2","status":"publish","type":"product","link":"https:\/\/cienfuegos.fr\/index.php\/product\/los-disidentes-del-universo-2\/","title":{"rendered":"Los disidentes del universo"},"content":{"rendered":"","protected":false},"excerpt":{"rendered":"<p>Autor: Amara, Luigi<br \/>\nEditorial: Sexto Piso<br \/>\nA\u00f1o de publicaci\u00f3n:<br \/>\nN\u00famero de p\u00e1ginas:<br \/>\nI.S.B.N : 9786077781547<\/p>\n<p>Los disidentes del universo presenta un desfile de hombres y mujeres improbables que desafiaron flagrante y decididamente el burdo principio de homogeneizaci\u00f3n del deseo -la normalidad- que los sistemas sociales pretenden imponer a individuo. El cat\u00e1logo de excentricidades y rarezas, que abarca periodos tan dis\u00edmbolos como la postrimetr\u00eda de la Segunda Guerra Mundial en Inglaterra, los albores del siglo XIX en M\u00e9xico, o el cenit del siglo XVIII en China, incluye a un hombre que se vuelve adicto a hacer filas; otro que mezcla su vocaci\u00f3n de cirquero con una inexpugnable afici\u00f3n por mujeres con m\u00e1s vello facial que un primate; una colecci\u00f3n de afectados por esa dimensi\u00f3n paralela a la existencia que es el tablero de ajedrez; un taxidermista que so\u00f1\u00f3 y materializ\u00f3 monstruos que podr\u00edan haber formado parte del Manual de zoolog\u00eda fant\u00e1stica de Borges; un sujeto cuya inapetencia por el mundo lo situ\u00f3 en los l\u00edmites m\u00e1s pr\u00f3ximos de la nulidad y un encargado de pompas f\u00fanebres obsesionado con desmitificar las \u00faltimas palabras de personajes c\u00e9lebres cuyas impostadas despedidas del mundo afeaban uno de los gestos m\u00e1s sutiles a los que aspira el ser humano: dejar de existir.<\/p>\n","protected":false},"featured_media":0,"comment_status":"closed","ping_status":"closed","template":"","meta":[],"class_list":{"0":"post-2784","1":"product","2":"type-product","3":"status-publish","5":"product_cat-ensayos","6":"post","8":"first","9":"instock","10":"taxable","11":"shipping-taxable","12":"purchasable","13":"product-type-simple"},"_links":{"self":[{"href":"https:\/\/cienfuegos.fr\/index.php\/wp-json\/wp\/v2\/product\/2784","targetHints":{"allow":["GET"]}}],"collection":[{"href":"https:\/\/cienfuegos.fr\/index.php\/wp-json\/wp\/v2\/product"}],"about":[{"href":"https:\/\/cienfuegos.fr\/index.php\/wp-json\/wp\/v2\/types\/product"}],"replies":[{"embeddable":true,"href":"https:\/\/cienfuegos.fr\/index.php\/wp-json\/wp\/v2\/comments?post=2784"}],"wp:attachment":[{"href":"https:\/\/cienfuegos.fr\/index.php\/wp-json\/wp\/v2\/media?parent=2784"}],"curies":[{"name":"wp","href":"https:\/\/api.w.org\/{rel}","templated":true}]}}