{"id":2776,"date":"2020-07-13T16:56:59","date_gmt":"2020-07-13T14:56:59","guid":{"rendered":"https:\/\/cienfuegos.fr\/?post_type=product&#038;p=2776"},"modified":"2020-10-14T14:34:35","modified_gmt":"2020-10-14T12:34:35","slug":"los-libros-de-la-guerra-2","status":"publish","type":"product","link":"https:\/\/cienfuegos.fr\/index.php\/product\/los-libros-de-la-guerra-2\/","title":{"rendered":"Los libros de la guerra"},"content":{"rendered":"","protected":false},"excerpt":{"rendered":"<p>Editorial: Mansalva<br \/>\nA\u00f1o:<br \/>\nN\u00famero de p\u00e1ginas: 384<br \/>\nI.S.B.N : 9789871474004<\/p>\n<p>A lo largo de veinticinco a\u00f1os publicaciones de distinto signo dieron cabida a intervenciones cr\u00edticas, cr\u00f3nicas, reflexiones y fabulaciones de Fogwill, o del personaje que este narrador y poeta lanza a la escena p\u00fablica para interpelar al poder y al establishment literario. Alfonsina, Clar\u00edn, Diario de Poes\u00eda, El Ojo Mocho, El Pa\u00eds de Madrid, El Porte\u00f1o, Fausto, La Naci\u00f3n, \u00d1, Primera Plana, Tiempo Argentino, Voces y Xul, fueron, entre otras, las fuentes de esta antolog\u00eda de textos compilada por Mansalva y ordenada tem\u00e1ticamente por su autor.<\/p>\n","protected":false},"featured_media":0,"comment_status":"closed","ping_status":"closed","template":"","meta":[],"class_list":{"0":"post-2776","1":"product","2":"type-product","3":"status-publish","5":"product_cat-narrativa","6":"post","8":"first","9":"onbackorder","10":"taxable","11":"shipping-taxable","12":"purchasable","13":"product-type-simple"},"_links":{"self":[{"href":"https:\/\/cienfuegos.fr\/index.php\/wp-json\/wp\/v2\/product\/2776","targetHints":{"allow":["GET"]}}],"collection":[{"href":"https:\/\/cienfuegos.fr\/index.php\/wp-json\/wp\/v2\/product"}],"about":[{"href":"https:\/\/cienfuegos.fr\/index.php\/wp-json\/wp\/v2\/types\/product"}],"replies":[{"embeddable":true,"href":"https:\/\/cienfuegos.fr\/index.php\/wp-json\/wp\/v2\/comments?post=2776"}],"wp:attachment":[{"href":"https:\/\/cienfuegos.fr\/index.php\/wp-json\/wp\/v2\/media?parent=2776"}],"curies":[{"name":"wp","href":"https:\/\/api.w.org\/{rel}","templated":true}]}}