{"id":2774,"date":"2020-07-13T16:56:56","date_gmt":"2020-07-13T14:56:56","guid":{"rendered":"https:\/\/cienfuegos.fr\/?post_type=product&#038;p=2774"},"modified":"2020-09-06T03:55:02","modified_gmt":"2020-09-06T01:55:02","slug":"ladrilleros-2","status":"publish","type":"product","link":"https:\/\/cienfuegos.fr\/index.php\/product\/ladrilleros-2\/","title":{"rendered":"Ladrilleros"},"content":{"rendered":"","protected":false},"excerpt":{"rendered":"<p>Autor: Almada, Selva<br \/>\nEditorial: Mardulce<br \/>\nA\u00f1o de publicaci\u00f3n:<br \/>\nN\u00famero de p\u00e1ginas:<br \/>\nI.S.B.N: 9789872905408<\/p>\n<p>Luego de El viento que arrasa, su primera novela, verdadero acontecimiento literario debido a la gran aceptaci\u00f3n de p\u00fablico y cr\u00edtica, con Ladrilleros Almada se consolida como una de las escritoras ineludibles de la literatura argentina contempor\u00e1nea. Vuelve a poner en escena su mundo propio: personajes cinematogr\u00e1ficos atrapados por un aire de violencia latente, por el clima del Litoral, por el habla popular de una lengua que es, al mismo tiempo, realista y po\u00e9tica, por la destreza para contar una historia y dejarnos sin aliento hasta el desenlace.<\/p>\n","protected":false},"featured_media":0,"comment_status":"closed","ping_status":"closed","template":"","meta":[],"class_list":{"0":"post-2774","1":"product","2":"type-product","3":"status-publish","5":"product_cat-narrativa","6":"post","8":"first","9":"instock","10":"taxable","11":"shipping-taxable","12":"purchasable","13":"product-type-simple"},"_links":{"self":[{"href":"https:\/\/cienfuegos.fr\/index.php\/wp-json\/wp\/v2\/product\/2774","targetHints":{"allow":["GET"]}}],"collection":[{"href":"https:\/\/cienfuegos.fr\/index.php\/wp-json\/wp\/v2\/product"}],"about":[{"href":"https:\/\/cienfuegos.fr\/index.php\/wp-json\/wp\/v2\/types\/product"}],"replies":[{"embeddable":true,"href":"https:\/\/cienfuegos.fr\/index.php\/wp-json\/wp\/v2\/comments?post=2774"}],"wp:attachment":[{"href":"https:\/\/cienfuegos.fr\/index.php\/wp-json\/wp\/v2\/media?parent=2774"}],"curies":[{"name":"wp","href":"https:\/\/api.w.org\/{rel}","templated":true}]}}