{"id":18050,"date":"2020-12-17T15:06:46","date_gmt":"2020-12-17T14:06:46","guid":{"rendered":"https:\/\/cienfuegos.fr\/?post_type=product&#038;p=18050"},"modified":"2026-01-20T14:55:26","modified_gmt":"2026-01-20T13:55:26","slug":"el-coronel-de-caballeria-y-otros-cuentos","status":"publish","type":"product","link":"https:\/\/cienfuegos.fr\/index.php\/product\/el-coronel-de-caballeria-y-otros-cuentos\/","title":{"rendered":"El coronel de caballer\u00eda y otros cuentos"},"content":{"rendered":"","protected":false},"excerpt":{"rendered":"<p>T\u00edtulo: El coronel de caballer\u00eda y otros cuentos<br \/>\nAutor: Murena, H.A.<br \/>\nEditorial: Tiempo nuevo<br \/>\nA\u00f1o de publicaci\u00f3n: 1971<br \/>\nN\u00famero de p\u00e1ginas: 132 p\u00e1ginas<\/p>\n","protected":false},"featured_media":18051,"comment_status":"open","ping_status":"closed","template":"","meta":[],"class_list":{"0":"post-18050","1":"product","2":"type-product","3":"status-publish","4":"has-post-thumbnail","6":"product_cat-narrativa-coleccionables","7":"post","9":"first","10":"onbackorder","11":"taxable","12":"shipping-taxable","13":"purchasable","14":"product-type-simple"},"_links":{"self":[{"href":"https:\/\/cienfuegos.fr\/index.php\/wp-json\/wp\/v2\/product\/18050","targetHints":{"allow":["GET"]}}],"collection":[{"href":"https:\/\/cienfuegos.fr\/index.php\/wp-json\/wp\/v2\/product"}],"about":[{"href":"https:\/\/cienfuegos.fr\/index.php\/wp-json\/wp\/v2\/types\/product"}],"replies":[{"embeddable":true,"href":"https:\/\/cienfuegos.fr\/index.php\/wp-json\/wp\/v2\/comments?post=18050"}],"wp:featuredmedia":[{"embeddable":true,"href":"https:\/\/cienfuegos.fr\/index.php\/wp-json\/wp\/v2\/media\/18051"}],"wp:attachment":[{"href":"https:\/\/cienfuegos.fr\/index.php\/wp-json\/wp\/v2\/media?parent=18050"}],"curies":[{"name":"wp","href":"https:\/\/api.w.org\/{rel}","templated":true}]}}