{"id":18040,"date":"2020-12-17T14:41:17","date_gmt":"2020-12-17T13:41:17","guid":{"rendered":"https:\/\/cienfuegos.fr\/?post_type=product&#038;p=18040"},"modified":"2020-12-17T14:41:17","modified_gmt":"2020-12-17T13:41:17","slug":"la-preparacion-de-la-novela","status":"publish","type":"product","link":"https:\/\/cienfuegos.fr\/index.php\/product\/la-preparacion-de-la-novela\/","title":{"rendered":"La preparaci\u00f3n de la novela"},"content":{"rendered":"","protected":false},"excerpt":{"rendered":"<p>T\u00edtulo: La preparaci\u00f3n de la novela<br \/>\nAutor: Barthes, Roland<br \/>\nEditorial: Siglo XXI<br \/>\nA\u00f1o de publicaci\u00f3n: 2005<br \/>\nN\u00famero de p\u00e1ginas: 488<\/p>\n","protected":false},"featured_media":18041,"comment_status":"open","ping_status":"closed","template":"","meta":[],"class_list":{"0":"post-18040","1":"product","2":"type-product","3":"status-publish","4":"has-post-thumbnail","6":"product_cat-uncategorized","7":"post","9":"first","10":"instock","11":"taxable","12":"shipping-taxable","13":"purchasable","14":"product-type-simple"},"_links":{"self":[{"href":"https:\/\/cienfuegos.fr\/index.php\/wp-json\/wp\/v2\/product\/18040","targetHints":{"allow":["GET"]}}],"collection":[{"href":"https:\/\/cienfuegos.fr\/index.php\/wp-json\/wp\/v2\/product"}],"about":[{"href":"https:\/\/cienfuegos.fr\/index.php\/wp-json\/wp\/v2\/types\/product"}],"replies":[{"embeddable":true,"href":"https:\/\/cienfuegos.fr\/index.php\/wp-json\/wp\/v2\/comments?post=18040"}],"wp:featuredmedia":[{"embeddable":true,"href":"https:\/\/cienfuegos.fr\/index.php\/wp-json\/wp\/v2\/media\/18041"}],"wp:attachment":[{"href":"https:\/\/cienfuegos.fr\/index.php\/wp-json\/wp\/v2\/media?parent=18040"}],"curies":[{"name":"wp","href":"https:\/\/api.w.org\/{rel}","templated":true}]}}