{"id":15488,"date":"2020-11-30T17:11:47","date_gmt":"2020-11-30T16:11:47","guid":{"rendered":"https:\/\/cienfuegos.fr\/?post_type=product&#038;p=15488"},"modified":"2020-11-30T17:11:47","modified_gmt":"2020-11-30T16:11:47","slug":"poder-militar-y-sociedad-politica-en-la-argentina-2-volumenes","status":"publish","type":"product","link":"https:\/\/cienfuegos.fr\/index.php\/product\/poder-militar-y-sociedad-politica-en-la-argentina-2-volumenes\/","title":{"rendered":"Poder militar y sociedad pol\u00edtica en la Argentina (2  vol\u00famenes)"},"content":{"rendered":"","protected":false},"excerpt":{"rendered":"<p>Autor: Rouqui\u00e9, Alain<br \/>\nEditorial: Emec\u00e9<br \/>\nA\u00f1o de publicaci\u00f3n:<br \/>\nN\u00famero de p\u00e1ginas:<br \/>\nI.S.B.N:<\/p>\n","protected":false},"featured_media":0,"comment_status":"open","ping_status":"closed","template":"","meta":[],"class_list":{"0":"post-15488","1":"product","2":"type-product","3":"status-publish","5":"product_cat-politica-historia","6":"post","8":"first","9":"instock","10":"taxable","11":"shipping-taxable","12":"purchasable","13":"product-type-simple"},"_links":{"self":[{"href":"https:\/\/cienfuegos.fr\/index.php\/wp-json\/wp\/v2\/product\/15488","targetHints":{"allow":["GET"]}}],"collection":[{"href":"https:\/\/cienfuegos.fr\/index.php\/wp-json\/wp\/v2\/product"}],"about":[{"href":"https:\/\/cienfuegos.fr\/index.php\/wp-json\/wp\/v2\/types\/product"}],"replies":[{"embeddable":true,"href":"https:\/\/cienfuegos.fr\/index.php\/wp-json\/wp\/v2\/comments?post=15488"}],"wp:attachment":[{"href":"https:\/\/cienfuegos.fr\/index.php\/wp-json\/wp\/v2\/media?parent=15488"}],"curies":[{"name":"wp","href":"https:\/\/api.w.org\/{rel}","templated":true}]}}