{"id":15470,"date":"2020-11-30T16:52:58","date_gmt":"2020-11-30T15:52:58","guid":{"rendered":"https:\/\/cienfuegos.fr\/?post_type=product&#038;p=15470"},"modified":"2020-11-30T16:52:58","modified_gmt":"2020-11-30T15:52:58","slug":"lecciones-sobre-la-historia-de-la-filosofia-3-volumenes","status":"publish","type":"product","link":"https:\/\/cienfuegos.fr\/index.php\/product\/lecciones-sobre-la-historia-de-la-filosofia-3-volumenes\/","title":{"rendered":"Lecciones sobre la historia de la filosof\u00eda (3 vol\u00famenes)"},"content":{"rendered":"","protected":false},"excerpt":{"rendered":"<p>Autor: Hegel, G.W.F.<br \/>\nEditorial: Fondo de cultura econ\u00f3mica<br \/>\nA\u00f1o de publicaci\u00f3n:<br \/>\nN\u00famero de p\u00e1ginas:<br \/>\nI.S.B.N:<\/p>\n<p>3 tomos, Fondo de Cultura Econ\u00f3mica, M\u00e9xico, 1995 (reimpresi\u00f3n), tapa blanda, 327 pp, 462 pp y 534 pp. 21 x 14 cm<\/p>\n","protected":false},"featured_media":0,"comment_status":"open","ping_status":"closed","template":"","meta":[],"class_list":{"0":"post-15470","1":"product","2":"type-product","3":"status-publish","5":"product_cat-filosofia","6":"post","8":"first","9":"instock","10":"taxable","11":"shipping-taxable","12":"purchasable","13":"product-type-simple"},"_links":{"self":[{"href":"https:\/\/cienfuegos.fr\/index.php\/wp-json\/wp\/v2\/product\/15470","targetHints":{"allow":["GET"]}}],"collection":[{"href":"https:\/\/cienfuegos.fr\/index.php\/wp-json\/wp\/v2\/product"}],"about":[{"href":"https:\/\/cienfuegos.fr\/index.php\/wp-json\/wp\/v2\/types\/product"}],"replies":[{"embeddable":true,"href":"https:\/\/cienfuegos.fr\/index.php\/wp-json\/wp\/v2\/comments?post=15470"}],"wp:attachment":[{"href":"https:\/\/cienfuegos.fr\/index.php\/wp-json\/wp\/v2\/media?parent=15470"}],"curies":[{"name":"wp","href":"https:\/\/api.w.org\/{rel}","templated":true}]}}