{"id":15285,"date":"2020-11-29T21:01:51","date_gmt":"2020-11-29T20:01:51","guid":{"rendered":"https:\/\/cienfuegos.fr\/?post_type=product&#038;p=15285"},"modified":"2025-06-02T13:18:19","modified_gmt":"2025-06-02T11:18:19","slug":"poesia-completa-3","status":"publish","type":"product","link":"https:\/\/cienfuegos.fr\/index.php\/product\/poesia-completa-3\/","title":{"rendered":"Poes\u00eda completa"},"content":{"rendered":"","protected":false},"excerpt":{"rendered":"<p>Autor: Costafreda, Alfredo<br \/>\nEditorial:<br \/>\nA\u00f1o de publicaci\u00f3n:<br \/>\nN\u00famero de p\u00e1ginas:<br \/>\nI.S.B.N:<\/p>\n<p>Poco antes del suicidio de Alfonso Costafreda en 1974, Carlos Barral , quien por aquel entonces todav\u00eda era editor, hab\u00eda preparado la edici\u00f3n de su poemario Suicidios y otras muertes , pero, no bien lo public\u00f3 p\u00f3stumamente, la editorial que \u00e9l dirig\u00eda, Barral Editores, se vio obligada a interrumpir sus actividades, con el inconveniente, entre otros muchos, de que este libro apenas circulara por las librer\u00edas. Este y, por supuesto, los dem\u00e1s libros publicados hoy inencontrables , as\u00ed como nueve poemas in\u00e9ditos de Alfonso Costafreda , quedaron desde entonces a la espera de que otro editor los rescatara y los pusiese de una vez por todas en manos de sus lectores, que, estamos seguros, quedar\u00e1n deslumbrados por esta obra tan valiosa y tan desconocida. Un a\u00f1o antes de la muerte de Carlos Barral , Antoni Mar\u00ed , quien co-dirige la serie Nuevos textos sagrados , le pidi\u00f3 que resucitara para nosotros la antigua edici\u00f3n de Suicidios y otras muertes , pero lo que naci\u00f3 de aquel encuentro fue el proyecto de publicar la Poes\u00eda completa . Dada la casualidad de que los dos sab\u00edan que los profesores Pere Rovira y Jordi Jov\u00e9 preparaban precisamente este espl\u00e9ndido trabajo de rescate y, muy pocos d\u00edas antes de fallecer en diciembre de 1989, Barral a\u00fan pudo ver y qui\u00e9n sabe si releer todo este hermoso poemario ya preparado para su publicaci\u00f3n. Otros poetas de su generaci\u00f3n expresaron en varias ocasiones, cada uno a su manera, su admiraci\u00f3n por la obra de Costafreda : el poeta Jaime Gil de Biedma , por ejemplo, escribi\u00f3 en su libro El pie de la letra : \u00ablo \u00fanico que importa es concluir manifestando mi admiraci\u00f3n y mi respeto por Alfonso Costafreda , que apost\u00f3 toda su vida a una sola carta : ser poeta\u00bb ; otro poeta, Jos\u00e9 Angel Valente , le dedic\u00f3 en cierta ocasi\u00f3n estos versos : \u00abPorque morir fue al cabo \/ el solo modo de vencer la muerte \/ y no era in\u00fatil \/ la vocaci\u00f3n, el fuego o el destino nuestro\u00bb ; otro poeta a\u00fan, Vicente Aleixandre , Premio Nobel de literatura , escribi\u00f3 un breve y hermoso pr\u00f3logo a Suicidios y otras muertes que reproducimos en nuestra edici\u00f3n ; y Jaime Ferr\u00e1n le dedic\u00f3 en 1981 todo un libro-antolog\u00eda. Podr\u00edamos citar a muchos otros para demostrar la necesidad de publicar esta Poes\u00eda completa , \u00abexageradamente maldita \u00bb (Barral). Era hora, pues, de que esta obra recobrara su \u00abardiente voz \u00bb (Aleixandre), toda la larga vida que merece y no hace sino empezar.<\/p>\n","protected":false},"featured_media":0,"comment_status":"open","ping_status":"closed","template":"","meta":[],"class_list":{"0":"post-15285","1":"product","2":"type-product","3":"status-publish","5":"product_cat-poesia","6":"post","8":"first","9":"instock","10":"taxable","11":"shipping-taxable","12":"purchasable","13":"product-type-simple"},"_links":{"self":[{"href":"https:\/\/cienfuegos.fr\/index.php\/wp-json\/wp\/v2\/product\/15285","targetHints":{"allow":["GET"]}}],"collection":[{"href":"https:\/\/cienfuegos.fr\/index.php\/wp-json\/wp\/v2\/product"}],"about":[{"href":"https:\/\/cienfuegos.fr\/index.php\/wp-json\/wp\/v2\/types\/product"}],"replies":[{"embeddable":true,"href":"https:\/\/cienfuegos.fr\/index.php\/wp-json\/wp\/v2\/comments?post=15285"}],"wp:attachment":[{"href":"https:\/\/cienfuegos.fr\/index.php\/wp-json\/wp\/v2\/media?parent=15285"}],"curies":[{"name":"wp","href":"https:\/\/api.w.org\/{rel}","templated":true}]}}