{"id":15270,"date":"2020-11-29T20:46:22","date_gmt":"2020-11-29T19:46:22","guid":{"rendered":"https:\/\/cienfuegos.fr\/?post_type=product&#038;p=15270"},"modified":"2020-11-29T20:46:22","modified_gmt":"2020-11-29T19:46:22","slug":"cuaderno-del-nomada-poesia-completa-vol-i-1943-1987-vol-ii-1988-2011","status":"publish","type":"product","link":"https:\/\/cienfuegos.fr\/index.php\/product\/cuaderno-del-nomada-poesia-completa-vol-i-1943-1987-vol-ii-1988-2011\/","title":{"rendered":"Cuaderno del n\u00f3mada. Poes\u00eda completa Vol. I (1943-1987) Vol. II. (1988-2011)."},"content":{"rendered":"","protected":false},"excerpt":{"rendered":"<p>Autor: Segovia, Tom\u00e1s<br \/>\nEditorial: Fondo de cultura econ\u00f3mica<br \/>\nA\u00f1o de publicaci\u00f3n:<br \/>\nN\u00famero de p\u00e1ginas:<br \/>\nI.S.B.N:<\/p>\n<p>Este volumen re\u00fane por vez primera la totalidad de la obra po\u00e9tica de Tom\u00e1s Segovia, uno de los autores m\u00e1s honestos de la literatura latinoamericana. Extensi\u00f3n de su vida personal y sus inquietudes intelectuales, su obra exuda un profundo conocimiento de las formas po\u00e9ticas: su dominio de la m\u00e9trica, el preciosismo del verso y un uso ejemplar de los recursos ret\u00f3ricos son las herramientas de Segovia para crear poemas de gran valor est\u00e9tico con la laboriosidad propia del artesano.<\/p>\n","protected":false},"featured_media":0,"comment_status":"open","ping_status":"closed","template":"","meta":[],"class_list":{"0":"post-15270","1":"product","2":"type-product","3":"status-publish","5":"product_cat-poesia","6":"post","8":"first","9":"instock","10":"taxable","11":"shipping-taxable","12":"purchasable","13":"product-type-simple"},"_links":{"self":[{"href":"https:\/\/cienfuegos.fr\/index.php\/wp-json\/wp\/v2\/product\/15270","targetHints":{"allow":["GET"]}}],"collection":[{"href":"https:\/\/cienfuegos.fr\/index.php\/wp-json\/wp\/v2\/product"}],"about":[{"href":"https:\/\/cienfuegos.fr\/index.php\/wp-json\/wp\/v2\/types\/product"}],"replies":[{"embeddable":true,"href":"https:\/\/cienfuegos.fr\/index.php\/wp-json\/wp\/v2\/comments?post=15270"}],"wp:attachment":[{"href":"https:\/\/cienfuegos.fr\/index.php\/wp-json\/wp\/v2\/media?parent=15270"}],"curies":[{"name":"wp","href":"https:\/\/api.w.org\/{rel}","templated":true}]}}