{"id":15254,"date":"2020-11-29T20:28:16","date_gmt":"2020-11-29T19:28:16","guid":{"rendered":"https:\/\/cienfuegos.fr\/?post_type=product&#038;p=15254"},"modified":"2020-11-29T20:28:16","modified_gmt":"2020-11-29T19:28:16","slug":"pasajera-del-viento","status":"publish","type":"product","link":"https:\/\/cienfuegos.fr\/index.php\/product\/pasajera-del-viento\/","title":{"rendered":"Pasajera del viento"},"content":{"rendered":"","protected":false},"excerpt":{"rendered":"<p>Autor: Cu\u00f1a, Irma<br \/>\nEditorial: Fondo de Cultura econ\u00f3mica<br \/>\nA\u00f1o de publicaci\u00f3n:<br \/>\nN\u00famero de p\u00e1ginas:<br \/>\nI.S.B.N:<\/p>\n<p>Selecci\u00f3n y pr\u00f3logo de Irene Gruss. 162 p\u00e1gs.<\/p>\n","protected":false},"featured_media":0,"comment_status":"open","ping_status":"closed","template":"","meta":[],"class_list":{"0":"post-15254","1":"product","2":"type-product","3":"status-publish","5":"product_cat-poesia","6":"post","8":"first","9":"instock","10":"taxable","11":"shipping-taxable","12":"purchasable","13":"product-type-simple"},"_links":{"self":[{"href":"https:\/\/cienfuegos.fr\/index.php\/wp-json\/wp\/v2\/product\/15254","targetHints":{"allow":["GET"]}}],"collection":[{"href":"https:\/\/cienfuegos.fr\/index.php\/wp-json\/wp\/v2\/product"}],"about":[{"href":"https:\/\/cienfuegos.fr\/index.php\/wp-json\/wp\/v2\/types\/product"}],"replies":[{"embeddable":true,"href":"https:\/\/cienfuegos.fr\/index.php\/wp-json\/wp\/v2\/comments?post=15254"}],"wp:attachment":[{"href":"https:\/\/cienfuegos.fr\/index.php\/wp-json\/wp\/v2\/media?parent=15254"}],"curies":[{"name":"wp","href":"https:\/\/api.w.org\/{rel}","templated":true}]}}