{"id":15252,"date":"2020-11-29T20:26:14","date_gmt":"2020-11-29T19:26:14","guid":{"rendered":"https:\/\/cienfuegos.fr\/?post_type=product&#038;p=15252"},"modified":"2020-11-29T20:26:14","modified_gmt":"2020-11-29T19:26:14","slug":"obras-completas-5","status":"publish","type":"product","link":"https:\/\/cienfuegos.fr\/index.php\/product\/obras-completas-5\/","title":{"rendered":"Obras completas"},"content":{"rendered":"","protected":false},"excerpt":{"rendered":"<p>Autor: Celan, Paul<br \/>\nEditorial: Trotta<br \/>\nA\u00f1o de publicaci\u00f3n:<br \/>\nN\u00famero de p\u00e1ginas:<br \/>\nI.S.B.N:<\/p>\n<p>Ning\u00fan poeta contempor\u00e1neo ha sido interpretado y traducido de manera tan detallada y extensa como Paul Celan, sin duda uno de los poetas m\u00e1s importantes del siglo XX. \u00abFuga de la muerte\u00bb -tal vez el poema la que la cr\u00edtica ha dedicado m\u00e1s atenci\u00f3n de todos los escritos tras la Segunda Guerra Mundial\u00f9 es, si no el texto cumbre, uno de los textos cumbres de la l\u00edrica alemana. Los alrededor de ochocientos poemas que public\u00f3 Paul Celan condensan su pensamiento y su vida, marcada por las grandes tragedias de este siglo. Asimismo integran un buen manojo de tradiciones literarias y de datos, no s\u00f3lo personales, sino tambi\u00e9n teol\u00f3gicos, filos\u00f3ficos, cient\u00edficos e hist\u00f3ricos. La fuerza creadora de su lenguaje es una invitaci\u00f3n permanente y siempre renovada a descubrir un nuevo mundo po\u00e9tico. Esta traducci\u00f3n, siguiendo la edici\u00f3n alemana de Beda Allemann y Stefan Reichert, vierte por primera vez al castellano y a una lengua extranjera toda la obra de Paul Celan, su poes\u00eda as\u00ed como su prosa.<\/p>\n","protected":false},"featured_media":0,"comment_status":"open","ping_status":"closed","template":"","meta":[],"class_list":{"0":"post-15252","1":"product","2":"type-product","3":"status-publish","5":"product_cat-poesia","6":"post","8":"first","9":"instock","10":"taxable","11":"shipping-taxable","12":"purchasable","13":"product-type-simple"},"_links":{"self":[{"href":"https:\/\/cienfuegos.fr\/index.php\/wp-json\/wp\/v2\/product\/15252","targetHints":{"allow":["GET"]}}],"collection":[{"href":"https:\/\/cienfuegos.fr\/index.php\/wp-json\/wp\/v2\/product"}],"about":[{"href":"https:\/\/cienfuegos.fr\/index.php\/wp-json\/wp\/v2\/types\/product"}],"replies":[{"embeddable":true,"href":"https:\/\/cienfuegos.fr\/index.php\/wp-json\/wp\/v2\/comments?post=15252"}],"wp:attachment":[{"href":"https:\/\/cienfuegos.fr\/index.php\/wp-json\/wp\/v2\/media?parent=15252"}],"curies":[{"name":"wp","href":"https:\/\/api.w.org\/{rel}","templated":true}]}}