{"id":15233,"date":"2020-11-29T20:01:23","date_gmt":"2020-11-29T19:01:23","guid":{"rendered":"https:\/\/cienfuegos.fr\/?post_type=product&#038;p=15233"},"modified":"2020-11-29T20:01:23","modified_gmt":"2020-11-29T19:01:23","slug":"relacion-parcial-de-buenos-aires","status":"publish","type":"product","link":"https:\/\/cienfuegos.fr\/index.php\/product\/relacion-parcial-de-buenos-aires\/","title":{"rendered":"Relaci\u00f3n Parcial de Buenos Aires"},"content":{"rendered":"","protected":false},"excerpt":{"rendered":"<p>Autor: Salas, Alberto<br \/>\nEditorial: Sur<br \/>\nA\u00f1o de publicaci\u00f3n:<br \/>\nN\u00famero de p\u00e1ginas: 1977<br \/>\nI.S.B.N:<\/p>\n<p>Con carta pr\u00f3logo de Victoria Ocampo. ALBERTO SALAS mira con ojos l\u00facidos a Buenos Aires y la muestra en los elementos esenciales que su presencia necesaria hab\u00eda tornado invisibles para nosotros. El Plata, tan manso, tan parejo, de tanta modestia fluvial que hasta se lleg\u00f3 a olvidar que viv\u00edamos en sus orillas y que sus lomos acu\u00e1ticos tra\u00edan y llevaban los barcos que hicieron poco a poco la grandeza de nuestra ciudad. Y los porte\u00f1os, en pago a sus favores, lo empujamos hacia la lejan\u00eda, lo relegamos de nuestra vida cotidiana. ALBERTO SALAS destaca esa ingratitud. Despu\u00e9s, el tema de los vientos: la sudestada cargada de agua, el pampero riguroso, las ardientes r\u00e1fagas del norte. Y despu\u00e9s las calles con sus \u00abdesniveles nost\u00e1lgicos que recuerdan a la ciudad llena de soberbia el retazo de pampa ondulada que fuera antes\u00bb. Divisiones profundas de Buenos Aires: el centro, \u00abla zona \u00e1urea\u00bb, las grandes avenidas, las cuadras revueltas de idiomas guturales ?imagen del mundo en su m\u00e1s puro cosmopolitismo? y los barrios humildes y recogidos en caf\u00e9 y enamoramiento, con sus innumerables casas de una planta, \u00abel h\u00e1bitat del mate dulce y amargo, absolutamente desterrado, ignorado en el centro por ocioso, demorado, por cordial y lento\u00bb. RELACI\u00d3N PARCIAL DE BUENOS AIRES termina con la cosmogon\u00eda de la ciudad, cosmogon\u00eda dura, llena de olvidos, en que la m\u00e1xima permanencia la da el tipo y nunca el individuo. Mucho se aprender\u00e1 sobre Buenos Aires leyendo esta obra de tanta informaci\u00f3n y nobleza literaria. Y aprender no es \u00fanicamente conocer: es, ante todo y sobre todo, querer.<\/p>\n","protected":false},"featured_media":0,"comment_status":"open","ping_status":"closed","template":"","meta":[],"class_list":{"0":"post-15233","1":"product","2":"type-product","3":"status-publish","5":"product_cat-ensayo-historia","6":"post","8":"first","9":"instock","10":"taxable","11":"shipping-taxable","12":"purchasable","13":"product-type-simple"},"_links":{"self":[{"href":"https:\/\/cienfuegos.fr\/index.php\/wp-json\/wp\/v2\/product\/15233","targetHints":{"allow":["GET"]}}],"collection":[{"href":"https:\/\/cienfuegos.fr\/index.php\/wp-json\/wp\/v2\/product"}],"about":[{"href":"https:\/\/cienfuegos.fr\/index.php\/wp-json\/wp\/v2\/types\/product"}],"replies":[{"embeddable":true,"href":"https:\/\/cienfuegos.fr\/index.php\/wp-json\/wp\/v2\/comments?post=15233"}],"wp:attachment":[{"href":"https:\/\/cienfuegos.fr\/index.php\/wp-json\/wp\/v2\/media?parent=15233"}],"curies":[{"name":"wp","href":"https:\/\/api.w.org\/{rel}","templated":true}]}}