{"id":15226,"date":"2020-11-29T19:54:31","date_gmt":"2020-11-29T18:54:31","guid":{"rendered":"https:\/\/cienfuegos.fr\/?post_type=product&#038;p=15226"},"modified":"2020-11-29T19:54:31","modified_gmt":"2020-11-29T18:54:31","slug":"notas-de-un-viaje-a-oriente","status":"publish","type":"product","link":"https:\/\/cienfuegos.fr\/index.php\/product\/notas-de-un-viaje-a-oriente\/","title":{"rendered":"Notas de un viaje a oriente"},"content":{"rendered":"","protected":false},"excerpt":{"rendered":"<p>Autor: Mar\u00edas, Juli\u00e1n<br \/>\nEditorial: P\u00e1ginas de espuma<br \/>\nA\u00f1o de publicaci\u00f3n:<br \/>\nN\u00famero de p\u00e1ginas:<br \/>\nI.S.B.N:<\/p>\n<p>Este libro rescata, por vez primera en m\u00e1s de tres cuartos de siglo, el Diario de Mar\u00edas, en cuyas p\u00e1ginas se puede rastrear, a pesar de su brevedad y car\u00e1cter primerizo, el germen del pensamiento de quien ha sido un destacado intelectual de la Espa\u00f1a del siglo XX. La presente edici\u00f3n, anotada y comentada, se enriquece con numerosos materiales, como la correspondencia mantenida durante la singladura con sus familiares y amigos, as\u00ed como con mapas y planos de \u00e9poca y abundantes fotograf\u00edas (la mayor parte hechas por el propio Mar\u00edas) de algunos de los lugares visitados. Juli\u00e1n Mar\u00edas, en el verano de 1933, particip\u00f3 en una singular experiencia, icono de las reformas educativas puestas en marcha durante la Segunda Rep\u00fablica: la realizaci\u00f3n de un Crucero Universitario, organizado a instancias de la Facultad de Filosof\u00eda y Letras de la Universidad de Madrid, que permiti\u00f3 recorrer a casi dos centenares de estudiantes y profesores diversos lugares de la cuenca del Mediterr\u00e1neo \u00edntimamente relacionados con las ra\u00edces de la cultura espa\u00f1ola. Con motivo de su participaci\u00f3n en dicho Crucero Universitario el escritor y fil\u00f3sofo Juli\u00e1n Mar\u00edas (1914-2005) compuso, a la edad de diecinueve a\u00f1os, un diario de viaje que fue publicado parcialmente en 1934, con el t\u00edtulo de \u00abNotas de un viaje a Oriente\u00bb, como parte de la obra colectiva Juventud en el mundo antiguo. Sean cuales fueran las razones que le llevaran a no reeditarlo nunca, su familia y la editorial P\u00e1ginas de Espuma han considerado oportuna su recuperaci\u00f3n transcurridos varios a\u00f1os desde su fallecimiento.<\/p>\n","protected":false},"featured_media":0,"comment_status":"open","ping_status":"closed","template":"","meta":[],"class_list":{"0":"post-15226","1":"product","2":"type-product","3":"status-publish","5":"product_cat-literatura-de-viaje-ensayo","6":"post","8":"first","9":"instock","10":"taxable","11":"shipping-taxable","12":"purchasable","13":"product-type-simple"},"_links":{"self":[{"href":"https:\/\/cienfuegos.fr\/index.php\/wp-json\/wp\/v2\/product\/15226","targetHints":{"allow":["GET"]}}],"collection":[{"href":"https:\/\/cienfuegos.fr\/index.php\/wp-json\/wp\/v2\/product"}],"about":[{"href":"https:\/\/cienfuegos.fr\/index.php\/wp-json\/wp\/v2\/types\/product"}],"replies":[{"embeddable":true,"href":"https:\/\/cienfuegos.fr\/index.php\/wp-json\/wp\/v2\/comments?post=15226"}],"wp:attachment":[{"href":"https:\/\/cienfuegos.fr\/index.php\/wp-json\/wp\/v2\/media?parent=15226"}],"curies":[{"name":"wp","href":"https:\/\/api.w.org\/{rel}","templated":true}]}}