{"id":15223,"date":"2020-11-29T19:52:14","date_gmt":"2020-11-29T18:52:14","guid":{"rendered":"https:\/\/cienfuegos.fr\/?post_type=product&#038;p=15223"},"modified":"2025-05-30T01:59:56","modified_gmt":"2025-05-29T23:59:56","slug":"trieste","status":"publish","type":"product","link":"https:\/\/cienfuegos.fr\/index.php\/product\/trieste\/","title":{"rendered":"Trieste"},"content":{"rendered":"","protected":false},"excerpt":{"rendered":"<p>Autor: Ara, Angelo\/Magris, Claudio<br \/>\nEditorial: Pre-textos<br \/>\nA\u00f1o de publicaci\u00f3n: 2007<br \/>\nN\u00famero de p\u00e1ginas:<br \/>\nI.S.B.N:<\/p>\n<p>Angelo Ara y Claudio Magris indagan en la peculiaridad del \u00abcaso Trieste\u00bb estudi\u00e1ndolo a partir de la historia de la ciudad y de los testimonios literarios. Y as\u00ed, presentan una Trieste en la unidad de una encrucijada que respeta las tensiones europeas, que funde \u2013a menudo dram\u00e1ticamente\u2013 etnias diversas: la italiana, la eslava, la alemana, y en la cual pueden convivir el irredentismo y el culto al emperador Francisco Jos\u00e9, el cosmopolitismo y la cerraz\u00f3n municipal. \u00abEsta diversidad de Trieste ha sido ostentada, negada, afrontada con l\u00facida conciencia, pasada por alto con arrogancia o codificada en un c\u00f3modo y falso clich\u00e9, al que regularmente ha recurrido su clase rectora para justificarse y explicar su falta de adecuaci\u00f3n sociopol\u00edtica\u00bb, se\u00f1alan los autores.<br \/>\n\u00abCiudad \u201cabstracta y premeditada\u201d, como dec\u00eda Dostoievski de San Petersburgo (que ha crecido tambi\u00e9n por la decisi\u00f3n de un gobierno y no por un proceso de desarrollo org\u00e1nico), Trieste ha sido, y sigue siendo, una ciudad llena de contrastes, pero sobre todo ha buscado y busca su propia raz\u00f3n de ser en esos contrastes y en su car\u00e1cter indisoluble. Los escritores que han vivido a fondo su heterogeneidad y su multiplicidad de elementos sin posible unidad han comprendido que Trieste \u2013como el Imperio habsburgu\u00e9s del que formaba parte\u2013 era un modelo de la disparidad y la contradicci\u00f3n de toda la civilizaci\u00f3n moderna, carente de un fundamento central y de una unidad de valores.\u00bb Profundamente triestinas y al mismo tiempo internacionales, de una modernidad que hoy en d\u00eda podemos entender mejor, son las figuras que transitan por estas p\u00e1ginas: Svevo, Saba, Slataper, los hermanos Stuparich, Michelstaedter, Weiss, Benco, Marin, Quarantotti Gambini, Bazlen, entre otros, portadores de diversas experiencias pero al mismo tiempo creadores originales.<\/p>\n","protected":false},"featured_media":0,"comment_status":"open","ping_status":"closed","template":"","meta":[],"class_list":{"0":"post-15223","1":"product","2":"type-product","3":"status-publish","5":"product_cat-ensayo","6":"post","8":"first","9":"instock","10":"taxable","11":"shipping-taxable","12":"purchasable","13":"product-type-simple"},"_links":{"self":[{"href":"https:\/\/cienfuegos.fr\/index.php\/wp-json\/wp\/v2\/product\/15223","targetHints":{"allow":["GET"]}}],"collection":[{"href":"https:\/\/cienfuegos.fr\/index.php\/wp-json\/wp\/v2\/product"}],"about":[{"href":"https:\/\/cienfuegos.fr\/index.php\/wp-json\/wp\/v2\/types\/product"}],"replies":[{"embeddable":true,"href":"https:\/\/cienfuegos.fr\/index.php\/wp-json\/wp\/v2\/comments?post=15223"}],"wp:attachment":[{"href":"https:\/\/cienfuegos.fr\/index.php\/wp-json\/wp\/v2\/media?parent=15223"}],"curies":[{"name":"wp","href":"https:\/\/api.w.org\/{rel}","templated":true}]}}