{"id":15221,"date":"2020-11-29T19:49:58","date_gmt":"2020-11-29T18:49:58","guid":{"rendered":"https:\/\/cienfuegos.fr\/?post_type=product&#038;p=15221"},"modified":"2020-11-29T19:49:58","modified_gmt":"2020-11-29T18:49:58","slug":"en-la-patagonia","status":"publish","type":"product","link":"https:\/\/cienfuegos.fr\/index.php\/product\/en-la-patagonia\/","title":{"rendered":"En la Patagonia"},"content":{"rendered":"","protected":false},"excerpt":{"rendered":"<p>Autor: Chatwin, Bruce<br \/>\nEditorial: Folio<br \/>\nA\u00f1o de publicaci\u00f3n: 2004<br \/>\nN\u00famero de p\u00e1ginas:<br \/>\nI.S.B.N:<\/p>\n<p>Con simpat\u00eda, con humorismo, con permanente agudeza de observaci\u00f3n, Bruce Chatwin nos presenta un mundo fascinnate. A un tiempo libro de viajes y aventuras, investtigaci\u00f3n hist\u00f3rica y narraci\u00f3n fabulosa. En la Patagonis desaf\u00eda toda clasificaci\u00f3n y capta la esencia de un mundo extraordinario.<\/p>\n","protected":false},"featured_media":0,"comment_status":"open","ping_status":"closed","template":"","meta":[],"class_list":{"0":"post-15221","1":"product","2":"type-product","3":"status-publish","5":"product_cat-literatura_de_viaje","6":"post","8":"first","9":"instock","10":"taxable","11":"shipping-taxable","12":"purchasable","13":"product-type-simple"},"_links":{"self":[{"href":"https:\/\/cienfuegos.fr\/index.php\/wp-json\/wp\/v2\/product\/15221","targetHints":{"allow":["GET"]}}],"collection":[{"href":"https:\/\/cienfuegos.fr\/index.php\/wp-json\/wp\/v2\/product"}],"about":[{"href":"https:\/\/cienfuegos.fr\/index.php\/wp-json\/wp\/v2\/types\/product"}],"replies":[{"embeddable":true,"href":"https:\/\/cienfuegos.fr\/index.php\/wp-json\/wp\/v2\/comments?post=15221"}],"wp:attachment":[{"href":"https:\/\/cienfuegos.fr\/index.php\/wp-json\/wp\/v2\/media?parent=15221"}],"curies":[{"name":"wp","href":"https:\/\/api.w.org\/{rel}","templated":true}]}}