{"id":15196,"date":"2020-11-29T19:09:18","date_gmt":"2020-11-29T18:09:18","guid":{"rendered":"https:\/\/cienfuegos.fr\/?post_type=product&#038;p=15196"},"modified":"2020-11-29T19:09:18","modified_gmt":"2020-11-29T18:09:18","slug":"el-80-y-su-mundo","status":"publish","type":"product","link":"https:\/\/cienfuegos.fr\/index.php\/product\/el-80-y-su-mundo\/","title":{"rendered":"El 80 y su mundo"},"content":{"rendered":"","protected":false},"excerpt":{"rendered":"<p>Autor: Jitrik, No\u00e9<br \/>\nEditorial:<br \/>\nA\u00f1o de publicaci\u00f3n:<br \/>\nN\u00famero de p\u00e1ginas:<br \/>\nI.S.B.N:<\/p>\n<p>Editorial Jorge Alvarez, Buenos Aires, 1968. Softcover. Condici\u00f3n: Gut. Los Argentinos, V. 276p.+XVIp. con fotograf\u00edas fuera de texto, 135x200mm, Sprache: Spanisch, USADO \/ GEBRAUCHT \/ USED. R\u00fastica con solapas. \/ Bordes cubiertas rozados. El 80 abarca todos los planos de la vida argentina y sus efectos todav\u00eda nos alcanzan; se muestra en lo literario pero este nivel no podr\u00eda ser comprendido si no se tuviera bien presente el conjunto social, los graves conflictos de organizaci\u00f3n estructural que en ese momento se plantearon con mayor acuidad e inteligencia que nunca. En este libro se ha procurado dar cuenta de esa totalidad y de la interacci\u00f3n de los distintos niveles que la componen; el fen\u00f3meno se llena as\u00ed de luces porque los significados que tiene cada sector est\u00e1n respaldados por un todo que tiene poderoso sentido, vivido como una m\u00edstica por un grupo humano y social que se hizo cargo de todos los dolores de la constituci\u00f3n del pa\u00eds. En el 80 empieza la Argentina moderna.<\/p>\n","protected":false},"featured_media":0,"comment_status":"open","ping_status":"closed","template":"","meta":[],"class_list":{"0":"post-15196","1":"product","2":"type-product","3":"status-publish","5":"product_cat-ensayo-historia-estudios-literarios","6":"post","8":"first","9":"instock","10":"taxable","11":"shipping-taxable","12":"purchasable","13":"product-type-simple"},"_links":{"self":[{"href":"https:\/\/cienfuegos.fr\/index.php\/wp-json\/wp\/v2\/product\/15196","targetHints":{"allow":["GET"]}}],"collection":[{"href":"https:\/\/cienfuegos.fr\/index.php\/wp-json\/wp\/v2\/product"}],"about":[{"href":"https:\/\/cienfuegos.fr\/index.php\/wp-json\/wp\/v2\/types\/product"}],"replies":[{"embeddable":true,"href":"https:\/\/cienfuegos.fr\/index.php\/wp-json\/wp\/v2\/comments?post=15196"}],"wp:attachment":[{"href":"https:\/\/cienfuegos.fr\/index.php\/wp-json\/wp\/v2\/media?parent=15196"}],"curies":[{"name":"wp","href":"https:\/\/api.w.org\/{rel}","templated":true}]}}