{"id":15075,"date":"2020-11-28T22:10:42","date_gmt":"2020-11-28T21:10:42","guid":{"rendered":"https:\/\/cienfuegos.fr\/?post_type=product&#038;p=15075"},"modified":"2020-11-28T22:10:43","modified_gmt":"2020-11-28T21:10:43","slug":"vislumbres-de-la-india","status":"publish","type":"product","link":"https:\/\/cienfuegos.fr\/index.php\/product\/vislumbres-de-la-india\/","title":{"rendered":"Vislumbres de la India"},"content":{"rendered":"","protected":false},"excerpt":{"rendered":"<p>Autor: Paz, Octavio<br \/>\nEditorial: Austral<br \/>\nA\u00f1o de publicaci\u00f3n:<br \/>\nN\u00famero de p\u00e1ginas:<br \/>\nI.S.B.N:<\/p>\n<p>Este libro es el reflejo de la huella cultural, art\u00edstica, pol\u00edtica y filos\u00f3fica que la India dej\u00f3 en Octavio Paz (embajador desde 1962 hasta 1968); una India vivida en cuanto experiencia personal, en los reveladores cap\u00edtulos autobiogr\u00e1ficos que abren y cierran el volumen; una India, por otro lado, examinada en su complejidad nacional, religiosa e hist\u00f3rica. El libro nos permite ampliar nuestro horizonte mediante la presentaci\u00f3n de una realidad tan distinta, nos incita a ahondar en la f\u00e9rtil discrepancia entre nuestra visi\u00f3n del mundo y las que ah\u00ed imperan, a trazar analog\u00edas o a perfilar contrastes que, al alterar nuestra rutina, pueden permitirnos ver en nuestro entorno fecundas posibilidades latentes.<\/p>\n","protected":false},"featured_media":0,"comment_status":"open","ping_status":"closed","template":"","meta":[],"class_list":{"0":"post-15075","1":"product","2":"type-product","3":"status-publish","5":"product_cat-literatura-de-viaje-ensayo","6":"post","8":"first","9":"instock","10":"taxable","11":"shipping-taxable","12":"purchasable","13":"product-type-simple"},"_links":{"self":[{"href":"https:\/\/cienfuegos.fr\/index.php\/wp-json\/wp\/v2\/product\/15075","targetHints":{"allow":["GET"]}}],"collection":[{"href":"https:\/\/cienfuegos.fr\/index.php\/wp-json\/wp\/v2\/product"}],"about":[{"href":"https:\/\/cienfuegos.fr\/index.php\/wp-json\/wp\/v2\/types\/product"}],"replies":[{"embeddable":true,"href":"https:\/\/cienfuegos.fr\/index.php\/wp-json\/wp\/v2\/comments?post=15075"}],"wp:attachment":[{"href":"https:\/\/cienfuegos.fr\/index.php\/wp-json\/wp\/v2\/media?parent=15075"}],"curies":[{"name":"wp","href":"https:\/\/api.w.org\/{rel}","templated":true}]}}