{"id":15073,"date":"2020-11-28T22:09:03","date_gmt":"2020-11-28T21:09:03","guid":{"rendered":"https:\/\/cienfuegos.fr\/?post_type=product&#038;p=15073"},"modified":"2020-11-28T22:09:03","modified_gmt":"2020-11-28T21:09:03","slug":"cartas-del-mediterraneo-oriental","status":"publish","type":"product","link":"https:\/\/cienfuegos.fr\/index.php\/product\/cartas-del-mediterraneo-oriental\/","title":{"rendered":"Cartas del mediterr\u00e1neo oriental"},"content":{"rendered":"","protected":false},"excerpt":{"rendered":"<p>Autor: Buruc\u00faa, Jos\u00e9 Emilio<br \/>\nEditorial: Adriana Hidalgo<br \/>\nA\u00f1o de publicaci\u00f3n:<br \/>\nN\u00famero de p\u00e1ginas:<br \/>\nI.S.B.N:<\/p>\n<p>En Cartas del Mediterr\u00e1neo Oriental, Jos\u00e9 Emilio Buruc\u00faa propone a un corresponsal amigo un itinerario, ajeno a la curiosidad del turista, con una mirada atenta y culta. Con la misma erudici\u00f3n y amenidad que en sus Cartas norteamericanas (AH, 2008), el autor se lanza ahora a contarnos su visita a Israel y Grecia. Combinando con sabidur\u00eda y humor la oscilaci\u00f3n entre el conocimiento profundo y el viaje tur\u00edstico, Buruc\u00faa no elude las distintas y cr\u00edticas circunstancias que, por muy distintos motivos, atraviesan ambos pa\u00edses. La historia, el arte, la pol\u00edtica, la religi\u00f3n, la mitolog\u00eda, la cultura, la geograf\u00eda. ninguno de estos temas le es ajeno.<\/p>\n","protected":false},"featured_media":0,"comment_status":"open","ping_status":"closed","template":"","meta":[],"class_list":{"0":"post-15073","1":"product","2":"type-product","3":"status-publish","5":"product_cat-literatura-de-viaje-ensayo","6":"post","8":"first","9":"instock","10":"taxable","11":"shipping-taxable","12":"purchasable","13":"product-type-simple"},"_links":{"self":[{"href":"https:\/\/cienfuegos.fr\/index.php\/wp-json\/wp\/v2\/product\/15073","targetHints":{"allow":["GET"]}}],"collection":[{"href":"https:\/\/cienfuegos.fr\/index.php\/wp-json\/wp\/v2\/product"}],"about":[{"href":"https:\/\/cienfuegos.fr\/index.php\/wp-json\/wp\/v2\/types\/product"}],"replies":[{"embeddable":true,"href":"https:\/\/cienfuegos.fr\/index.php\/wp-json\/wp\/v2\/comments?post=15073"}],"wp:attachment":[{"href":"https:\/\/cienfuegos.fr\/index.php\/wp-json\/wp\/v2\/media?parent=15073"}],"curies":[{"name":"wp","href":"https:\/\/api.w.org\/{rel}","templated":true}]}}