{"id":15057,"date":"2020-11-28T21:54:02","date_gmt":"2020-11-28T20:54:02","guid":{"rendered":"https:\/\/cienfuegos.fr\/?post_type=product&#038;p=15057"},"modified":"2020-11-28T21:54:02","modified_gmt":"2020-11-28T20:54:02","slug":"las-antillas-colonizacion-azucar-e-imperialismo","status":"publish","type":"product","link":"https:\/\/cienfuegos.fr\/index.php\/product\/las-antillas-colonizacion-azucar-e-imperialismo\/","title":{"rendered":"Las antillas: colonizaci\u00f3n, az\u00facar e imperialismo"},"content":{"rendered":"","protected":false},"excerpt":{"rendered":"<p>Autor: Ben\u00edtez, Jos\u00e9 A.<br \/>\nEditorial:<br \/>\nA\u00f1o de publicaci\u00f3n:<br \/>\nN\u00famero de p\u00e1ginas:<br \/>\nI.S.B.N:<\/p>\n","protected":false},"featured_media":0,"comment_status":"open","ping_status":"closed","template":"","meta":[],"class_list":{"0":"post-15057","1":"product","2":"type-product","3":"status-publish","5":"product_cat-historia","6":"post","8":"first","9":"instock","10":"taxable","11":"shipping-taxable","12":"purchasable","13":"product-type-simple"},"_links":{"self":[{"href":"https:\/\/cienfuegos.fr\/index.php\/wp-json\/wp\/v2\/product\/15057","targetHints":{"allow":["GET"]}}],"collection":[{"href":"https:\/\/cienfuegos.fr\/index.php\/wp-json\/wp\/v2\/product"}],"about":[{"href":"https:\/\/cienfuegos.fr\/index.php\/wp-json\/wp\/v2\/types\/product"}],"replies":[{"embeddable":true,"href":"https:\/\/cienfuegos.fr\/index.php\/wp-json\/wp\/v2\/comments?post=15057"}],"wp:attachment":[{"href":"https:\/\/cienfuegos.fr\/index.php\/wp-json\/wp\/v2\/media?parent=15057"}],"curies":[{"name":"wp","href":"https:\/\/api.w.org\/{rel}","templated":true}]}}