{"id":15021,"date":"2020-11-28T21:02:50","date_gmt":"2020-11-28T20:02:50","guid":{"rendered":"https:\/\/cienfuegos.fr\/?post_type=product&#038;p=15021"},"modified":"2020-11-28T21:02:50","modified_gmt":"2020-11-28T20:02:50","slug":"no-se-puede-hacer-la-revolucion-sin-nosotras","status":"publish","type":"product","link":"https:\/\/cienfuegos.fr\/index.php\/product\/no-se-puede-hacer-la-revolucion-sin-nosotras\/","title":{"rendered":"No se puede hacer la revoluci\u00f3n sin nosotras"},"content":{"rendered":"","protected":false},"excerpt":{"rendered":"<p>Autor: Randall, Margaret<br \/>\nEditorial:<br \/>\nA\u00f1o de publicaci\u00f3n:<br \/>\nN\u00famero de p\u00e1ginas:<br \/>\nI.S.B.N:<\/p>\n<p>Ediciones Casa De Las Am\u00e9ricas, Habana, Cuba, 1978. Umberto Pe\u00f1a Ilustrador. Primera Edici\u00f3n. Serie Testimonio Colecci\u00f3n Nuestros Paises Casa de La Am\u00e9ricas.<\/p>\n","protected":false},"featured_media":0,"comment_status":"open","ping_status":"closed","template":"","meta":[],"class_list":{"0":"post-15021","1":"product","2":"type-product","3":"status-publish","5":"product_cat-narrativa","6":"post","8":"first","9":"instock","10":"taxable","11":"shipping-taxable","12":"purchasable","13":"product-type-simple"},"_links":{"self":[{"href":"https:\/\/cienfuegos.fr\/index.php\/wp-json\/wp\/v2\/product\/15021","targetHints":{"allow":["GET"]}}],"collection":[{"href":"https:\/\/cienfuegos.fr\/index.php\/wp-json\/wp\/v2\/product"}],"about":[{"href":"https:\/\/cienfuegos.fr\/index.php\/wp-json\/wp\/v2\/types\/product"}],"replies":[{"embeddable":true,"href":"https:\/\/cienfuegos.fr\/index.php\/wp-json\/wp\/v2\/comments?post=15021"}],"wp:attachment":[{"href":"https:\/\/cienfuegos.fr\/index.php\/wp-json\/wp\/v2\/media?parent=15021"}],"curies":[{"name":"wp","href":"https:\/\/api.w.org\/{rel}","templated":true}]}}