{"id":15008,"date":"2020-11-28T20:43:52","date_gmt":"2020-11-28T19:43:52","guid":{"rendered":"https:\/\/cienfuegos.fr\/?post_type=product&#038;p=15008"},"modified":"2020-11-28T20:43:52","modified_gmt":"2020-11-28T19:43:52","slug":"con-el-che-por-sudamerica","status":"publish","type":"product","link":"https:\/\/cienfuegos.fr\/index.php\/product\/con-el-che-por-sudamerica\/","title":{"rendered":"Con el Che por Sudam\u00e9rica"},"content":{"rendered":"","protected":false},"excerpt":{"rendered":"<p>Autor: Granado, Alberto<br \/>\nEditorial:<br \/>\nA\u00f1o de publicaci\u00f3n:<br \/>\nN\u00famero de p\u00e1ginas:<br \/>\nI.S.B.N:<\/p>\n<p>A 85 a\u00f1os del nacimiento del Che, Marea presenta esta nueva edici\u00f3n -prologada por el hijo del autor, Alberto Granado Duque- del conmovedor y atrapante relato del joven Granado de esos d\u00edas, un homenaje a la amistad, a la aventura, al camino y a la lucha por el ideal de una sociedad m\u00e1s justa. A bordo de La Poderosa II, una vieja moto, los dos amigos recorren Am\u00e9rica. Uno, Ernesto Guevara, 23 a\u00f1os, hijo de una familia acomodada y estudiante de medicina, empieza sin saberlo un trayecto mucho m\u00e1s largo y que terminar\u00eda convirti\u00e9ndolo en el famoso revolucionario Che Guevara. El otro, Alberto Granado, un joven bioqu\u00edmico, mientras cumple el sue\u00f1o de toda su vida, registra d\u00eda a d\u00eda ese viaje que pasar\u00eda a la historia y que inspirar\u00eda a miles de j\u00f3venes de todo el mundo que repiten hoy esa ruta.<\/p>\n","protected":false},"featured_media":0,"comment_status":"open","ping_status":"closed","template":"","meta":[],"class_list":{"0":"post-15008","1":"product","2":"type-product","3":"status-publish","5":"product_cat-literatura-de-viaje-diarios-y-biografias","6":"post","8":"first","9":"instock","10":"taxable","11":"shipping-taxable","12":"purchasable","13":"product-type-simple"},"_links":{"self":[{"href":"https:\/\/cienfuegos.fr\/index.php\/wp-json\/wp\/v2\/product\/15008","targetHints":{"allow":["GET"]}}],"collection":[{"href":"https:\/\/cienfuegos.fr\/index.php\/wp-json\/wp\/v2\/product"}],"about":[{"href":"https:\/\/cienfuegos.fr\/index.php\/wp-json\/wp\/v2\/types\/product"}],"replies":[{"embeddable":true,"href":"https:\/\/cienfuegos.fr\/index.php\/wp-json\/wp\/v2\/comments?post=15008"}],"wp:attachment":[{"href":"https:\/\/cienfuegos.fr\/index.php\/wp-json\/wp\/v2\/media?parent=15008"}],"curies":[{"name":"wp","href":"https:\/\/api.w.org\/{rel}","templated":true}]}}