{"id":14980,"date":"2020-11-28T19:55:55","date_gmt":"2020-11-28T18:55:55","guid":{"rendered":"https:\/\/cienfuegos.fr\/?post_type=product&#038;p=14980"},"modified":"2020-11-28T19:55:55","modified_gmt":"2020-11-28T18:55:55","slug":"la-aventura-del-amazonas","status":"publish","type":"product","link":"https:\/\/cienfuegos.fr\/index.php\/product\/la-aventura-del-amazonas\/","title":{"rendered":"La aventura del Amazonas"},"content":{"rendered":"","protected":false},"excerpt":{"rendered":"<p>Autor: Carvajal, G. de\/Almedo, P. de\/Rojas, Alonso de<br \/>\nEditorial: Historia 16<br \/>\nA\u00f1o de publicaci\u00f3n:<br \/>\nN\u00famero de p\u00e1ginas:<br \/>\nI.S.B.N:<\/p>\n<p>Editorial Historia, 16. Colecci\u00f3n: Cr\u00f3nicas de Am\u00e9rica, N\u00ba 19. Edici\u00f3n de Rafael D\u00edaz. Director de la colecci\u00f3n: Manuel Ballesteros Gaibrois. Edici\u00f3n, Introducci\u00f3n y Notas de Rafael D\u00edaz Maderuelo. PRIMERA EDICI\u00d3N: Febrero de 1986. Madrid, 1986. Ensayo. Viajes. Cr\u00f3nicas. Historia. Etnograf\u00eda. Encuadernaci\u00f3n en Tapa Blanda de editorial Ilustrada con solapas. Estado de Conservaci\u00f3n: Excelente Estado el cuerpo e interior del libro. Bien la cubierta, ligeramente deslucida en su conjunto. Perfecta compostura del ejemplar. Presenta exlibris con sello del anterior propietario en portada y en p\u00e1gina 103. 19&#215;12 cms. 253 p\u00e1ginas. Las relaciones que aqu\u00ed se publican conjuntamente se refieren a tres hitos importantes en el proceso espa\u00f1ol del descubrimiento de la viabilidad del Amazonas para la navegaci\u00f3n. Su importancia estriba tambi\u00e9n en el valor de las informaciones geogr\u00e1ficas, hist\u00f3ricas y etnogr\u00e1ficas que contienen. La cr\u00f3nica de Fray Gaspar de Carvajal relata la primera navegaci\u00f3n del Gran R\u00edo, en 1542. Los motivos que animaron al dominico a escribirla debieron ser los rumores que escuch\u00f3, a su regreso al Per\u00fa, acerca de la supuesta traici\u00f3n del capit\u00e1n Francisco de Orellana. Su relato de los acontecimientos explicaba claramente los motivos de la separaci\u00f3n del descubridor del Amazonas de la expedici\u00f3n de Gonzalo Pizarro. El relato de Pedraria de Almesto es uno m\u00e1s entre los que surgieron para narrar los sucesos dram\u00e1ticos que tuvieron lugar en la expedici\u00f3n de Pedro de Urs\u00faa en busca del pa\u00eds de Omagua y la rebeli\u00f3n de Lope de Aguirre. Tras declarar ante la Audiencia de Santa Fe, Almesto tuvo ocasi\u00f3n de conocer la relaci\u00f3n de su compa\u00f1ero Francisco V\u00e1zquez, y la tom\u00f3 como modelo para su Jornada de Omagua y Dorado, que aqu\u00ed se incluye. La relaci\u00f3n del viaje del capit\u00e1n Pedro Texeira, atribuida al jesuita Alonso de Rojas, viene a confirmar, cuando todav\u00eda Espa\u00f1a y Portugal se hallaban bajo un mismo monarca, la unidad geogr\u00e1fica del territorio amaz\u00f3nico, desde el Atl\u00e1ntico a Quito. Y significa el punto de arranque de la colonizaci\u00f3n efectiva de dicho territorio. \u00cdNDICE: Introducci\u00f3n. Bibliograf\u00eda. Relaci\u00f3n de Fray Gaspar de Carvajal. Jornada de Omagua y Dorado de Pedrarias de Almesto. Descubrimiento del r\u00edo de las Amazonas y sus dilatadas provincias. Relaci\u00f3n del descubrimiento del r\u00edo de las Amazonas, hoy San Francisco de Quito, y declaraci\u00f3n del mapa donde est\u00e1 pintado. .<\/p>\n","protected":false},"featured_media":0,"comment_status":"open","ping_status":"closed","template":"","meta":[],"class_list":{"0":"post-14980","1":"product","2":"type-product","3":"status-publish","5":"product_cat-cronica-historia","6":"post","8":"first","9":"instock","10":"taxable","11":"shipping-taxable","12":"purchasable","13":"product-type-simple"},"_links":{"self":[{"href":"https:\/\/cienfuegos.fr\/index.php\/wp-json\/wp\/v2\/product\/14980","targetHints":{"allow":["GET"]}}],"collection":[{"href":"https:\/\/cienfuegos.fr\/index.php\/wp-json\/wp\/v2\/product"}],"about":[{"href":"https:\/\/cienfuegos.fr\/index.php\/wp-json\/wp\/v2\/types\/product"}],"replies":[{"embeddable":true,"href":"https:\/\/cienfuegos.fr\/index.php\/wp-json\/wp\/v2\/comments?post=14980"}],"wp:attachment":[{"href":"https:\/\/cienfuegos.fr\/index.php\/wp-json\/wp\/v2\/media?parent=14980"}],"curies":[{"name":"wp","href":"https:\/\/api.w.org\/{rel}","templated":true}]}}