{"id":14971,"date":"2020-11-28T19:43:16","date_gmt":"2020-11-28T18:43:16","guid":{"rendered":"https:\/\/cienfuegos.fr\/?post_type=product&#038;p=14971"},"modified":"2020-11-28T19:43:16","modified_gmt":"2020-11-28T18:43:16","slug":"cartas-de-relacion","status":"publish","type":"product","link":"https:\/\/cienfuegos.fr\/index.php\/product\/cartas-de-relacion\/","title":{"rendered":"Cartas de relaci\u00f3n"},"content":{"rendered":"","protected":false},"excerpt":{"rendered":"<p>Autor: Cort\u00e9s, Hern\u00e1n<br \/>\nEditorial: Porr\u00faa<br \/>\nA\u00f1o de publicaci\u00f3n:<br \/>\nN\u00famero de p\u00e1ginas:<br \/>\nI.S.B.N:<\/p>\n","protected":false},"featured_media":14973,"comment_status":"open","ping_status":"closed","template":"","meta":[],"class_list":{"0":"post-14971","1":"product","2":"type-product","3":"status-publish","4":"has-post-thumbnail","6":"product_cat-literatura-de-viaje-cronca","7":"post","9":"first","10":"instock","11":"taxable","12":"shipping-taxable","13":"purchasable","14":"product-type-simple"},"_links":{"self":[{"href":"https:\/\/cienfuegos.fr\/index.php\/wp-json\/wp\/v2\/product\/14971","targetHints":{"allow":["GET"]}}],"collection":[{"href":"https:\/\/cienfuegos.fr\/index.php\/wp-json\/wp\/v2\/product"}],"about":[{"href":"https:\/\/cienfuegos.fr\/index.php\/wp-json\/wp\/v2\/types\/product"}],"replies":[{"embeddable":true,"href":"https:\/\/cienfuegos.fr\/index.php\/wp-json\/wp\/v2\/comments?post=14971"}],"wp:featuredmedia":[{"embeddable":true,"href":"https:\/\/cienfuegos.fr\/index.php\/wp-json\/wp\/v2\/media\/14973"}],"wp:attachment":[{"href":"https:\/\/cienfuegos.fr\/index.php\/wp-json\/wp\/v2\/media?parent=14971"}],"curies":[{"name":"wp","href":"https:\/\/api.w.org\/{rel}","templated":true}]}}