{"id":14953,"date":"2020-11-28T18:51:02","date_gmt":"2020-11-28T17:51:02","guid":{"rendered":"https:\/\/cienfuegos.fr\/?post_type=product&#038;p=14953"},"modified":"2020-11-28T18:51:02","modified_gmt":"2020-11-28T17:51:02","slug":"el-bogotazo-memorias-del-olvido","status":"publish","type":"product","link":"https:\/\/cienfuegos.fr\/index.php\/product\/el-bogotazo-memorias-del-olvido\/","title":{"rendered":"El bogotazo: memorias del olvido"},"content":{"rendered":"","protected":false},"excerpt":{"rendered":"<p>Autor: Alape, Arturo<br \/>\nEditorial: Casa de las Am\u00e9ricas<br \/>\nA\u00f1o de publicaci\u00f3n:<br \/>\nN\u00famero de p\u00e1ginas:<br \/>\nI.S.B.N:<\/p>\n<p>Ediciones Casa de las Am\u00e9ricas. La Habana, Cuba, 2\u00aa Ed, 1983. 721 p\u00e1ginas + colof\u00f3n. L\u00e1mina b\/n en frontis. Tama\u00f1o cuarta mayor. Tapa dura ilustrada. Ejemplar raro.<\/p>\n","protected":false},"featured_media":0,"comment_status":"open","ping_status":"closed","template":"","meta":[],"class_list":{"0":"post-14953","1":"product","2":"type-product","3":"status-publish","5":"product_cat-historia-ensayo","6":"post","8":"first","9":"instock","10":"taxable","11":"shipping-taxable","12":"purchasable","13":"product-type-simple"},"_links":{"self":[{"href":"https:\/\/cienfuegos.fr\/index.php\/wp-json\/wp\/v2\/product\/14953","targetHints":{"allow":["GET"]}}],"collection":[{"href":"https:\/\/cienfuegos.fr\/index.php\/wp-json\/wp\/v2\/product"}],"about":[{"href":"https:\/\/cienfuegos.fr\/index.php\/wp-json\/wp\/v2\/types\/product"}],"replies":[{"embeddable":true,"href":"https:\/\/cienfuegos.fr\/index.php\/wp-json\/wp\/v2\/comments?post=14953"}],"wp:attachment":[{"href":"https:\/\/cienfuegos.fr\/index.php\/wp-json\/wp\/v2\/media?parent=14953"}],"curies":[{"name":"wp","href":"https:\/\/api.w.org\/{rel}","templated":true}]}}