{"id":14496,"date":"2020-11-24T22:15:49","date_gmt":"2020-11-24T21:15:49","guid":{"rendered":"https:\/\/cienfuegos.fr\/?post_type=product&#038;p=14496"},"modified":"2020-11-24T22:15:49","modified_gmt":"2020-11-24T21:15:49","slug":"diario-de-un-clandestino","status":"publish","type":"product","link":"https:\/\/cienfuegos.fr\/index.php\/product\/diario-de-un-clandestino\/","title":{"rendered":"Diario de un clandestino"},"content":{"rendered":"","protected":false},"excerpt":{"rendered":"<p>Autor: Bonasso, Miguel<br \/>\nEditorial: Emec\u00e9<br \/>\nA\u00f1o de publicaci\u00f3n:<br \/>\nN\u00famero de p\u00e1ginas:<br \/>\nI.S.B.N:<\/p>\n<p>Bonasso, periodista desde los 18 a\u00f1os, fue uno de los editores de \u00abLa Opini\u00f3n\u00bb, secretario de prensa del Frente Justicialista de Liberaci\u00f3n, asesor de C\u00e1mpora durante su breve presidencia. Perseguido por la Triple A. Vivi\u00f3 en la clandestinidad hasta su exilio en 1977. En Roma integr\u00f3 el Consejo Superior del Movimiento Peronista Montonero, con el que luego rompi\u00f3. Este libro es la transcripci\u00f3n de los textos escritosen su exilio mexicano, en los que recuerda y describe toda su experiencia como militante, y que se constituye as\u00ed en unimportante testimonio sobre la Argentina de los a\u00f1os 70.<\/p>\n","protected":false},"featured_media":0,"comment_status":"open","ping_status":"closed","template":"","meta":[],"class_list":{"0":"post-14496","1":"product","2":"type-product","3":"status-publish","5":"product_cat-historia-cronica-diarios-y-biografias","6":"post","8":"first","9":"instock","10":"taxable","11":"shipping-taxable","12":"purchasable","13":"product-type-simple"},"_links":{"self":[{"href":"https:\/\/cienfuegos.fr\/index.php\/wp-json\/wp\/v2\/product\/14496","targetHints":{"allow":["GET"]}}],"collection":[{"href":"https:\/\/cienfuegos.fr\/index.php\/wp-json\/wp\/v2\/product"}],"about":[{"href":"https:\/\/cienfuegos.fr\/index.php\/wp-json\/wp\/v2\/types\/product"}],"replies":[{"embeddable":true,"href":"https:\/\/cienfuegos.fr\/index.php\/wp-json\/wp\/v2\/comments?post=14496"}],"wp:attachment":[{"href":"https:\/\/cienfuegos.fr\/index.php\/wp-json\/wp\/v2\/media?parent=14496"}],"curies":[{"name":"wp","href":"https:\/\/api.w.org\/{rel}","templated":true}]}}