{"id":14478,"date":"2020-11-24T22:02:00","date_gmt":"2020-11-24T21:02:00","guid":{"rendered":"https:\/\/cienfuegos.fr\/?post_type=product&#038;p=14478"},"modified":"2020-11-24T22:02:00","modified_gmt":"2020-11-24T21:02:00","slug":"manuscrito-de-un-desaparecido-en-la-esma","status":"publish","type":"product","link":"https:\/\/cienfuegos.fr\/index.php\/product\/manuscrito-de-un-desaparecido-en-la-esma\/","title":{"rendered":"Manuscrito de un desaparecido en la Esma"},"content":{"rendered":"","protected":false},"excerpt":{"rendered":"<p>Autor: Gasparini, Juan<br \/>\nEditorial: Norma<br \/>\nA\u00f1o de publicaci\u00f3n:<br \/>\nN\u00famero de p\u00e1ginas:<br \/>\nI.S.B.N:<\/p>\n<p>Incluye: Un pibe de Tacuara; Operaci\u00f3n Rosaura; La c\u00e1rcel y la guerrilla; Las FAP; La saga del marpione; La ca\u00edda; El libro de Jorge Caffatti; Anexo documental.<\/p>\n","protected":false},"featured_media":4694,"comment_status":"open","ping_status":"closed","template":"","meta":[],"class_list":{"0":"post-14478","1":"product","2":"type-product","3":"status-publish","4":"has-post-thumbnail","6":"product_cat-historia-diarios-y-biografias","7":"post","9":"first","10":"instock","11":"taxable","12":"shipping-taxable","13":"purchasable","14":"product-type-simple"},"_links":{"self":[{"href":"https:\/\/cienfuegos.fr\/index.php\/wp-json\/wp\/v2\/product\/14478","targetHints":{"allow":["GET"]}}],"collection":[{"href":"https:\/\/cienfuegos.fr\/index.php\/wp-json\/wp\/v2\/product"}],"about":[{"href":"https:\/\/cienfuegos.fr\/index.php\/wp-json\/wp\/v2\/types\/product"}],"replies":[{"embeddable":true,"href":"https:\/\/cienfuegos.fr\/index.php\/wp-json\/wp\/v2\/comments?post=14478"}],"wp:featuredmedia":[{"embeddable":true,"href":"https:\/\/cienfuegos.fr\/index.php\/wp-json\/wp\/v2\/media\/4694"}],"wp:attachment":[{"href":"https:\/\/cienfuegos.fr\/index.php\/wp-json\/wp\/v2\/media?parent=14478"}],"curies":[{"name":"wp","href":"https:\/\/api.w.org\/{rel}","templated":true}]}}