{"id":14447,"date":"2020-11-24T21:19:28","date_gmt":"2020-11-24T20:19:28","guid":{"rendered":"https:\/\/cienfuegos.fr\/?post_type=product&#038;p=14447"},"modified":"2020-11-24T21:19:29","modified_gmt":"2020-11-24T20:19:29","slug":"miguel-marmol-los-sucesos-de-1932-en-el-salvador","status":"publish","type":"product","link":"https:\/\/cienfuegos.fr\/index.php\/product\/miguel-marmol-los-sucesos-de-1932-en-el-salvador\/","title":{"rendered":"Miguel M\u00e1rmol. Los sucesos de 1932 en El Salvador"},"content":{"rendered":"","protected":false},"excerpt":{"rendered":"<p>Autor: Dalton, Roque<br \/>\nEditorial: Casa de las Am\u00e9ricas<br \/>\nA\u00f1o de publicaci\u00f3n:<br \/>\nN\u00famero de p\u00e1ginas:<br \/>\nI.S.B.N:<\/p>\n<p>Colecci\u00f3n Nuestros Pa\u00edses, Serie Estudios. 267 pp. + 2 hs. de \u00edndice y colof\u00f3n. Roque Dalton naci\u00f3 e San Salvador en 1935. Estudi\u00f3 en las universidades de El Salvador, Chile y M\u00e9xico. Entre sus premios, obtuvo por su poes\u00eda el Centroamericano y el de Casa de las Am\u00e9ricas en Cuba. Muri\u00f3 en su tierra natal en mayo de 1975 asesinado por una facci\u00f3n ultraizquierdista. Revolucionario desde su adolescencia, su manera de asumir la pol\u00edtica dio a su poes\u00eda una fresca iron\u00eda muy saludable. En esta obra hist\u00f3rica, terminada en La Habana en 1971, Roque termin\u00f3 esta obra en Praga en el verano de 1966. Habiendo tratado muy de cerca a Miguel M\u00e1rmol, se muestra objetivo y documentado historiador de una etapa cr\u00edtica en la historia de su terru\u00f1o, al que llamaba \u00abPulgarcito\u00bb, por ser el pa\u00eds m\u00e1s peque\u00f1o de Am\u00e9rica. Se a\u00f1ade lista de las fuentes bibliogr\u00e1ficas y documentales, y un ap\u00e9ndice de \u00abSalvadore\u00f1ismos\u00bb<\/p>\n","protected":false},"featured_media":0,"comment_status":"open","ping_status":"closed","template":"","meta":[],"class_list":{"0":"post-14447","1":"product","2":"type-product","3":"status-publish","5":"product_cat-ensayo-historia","6":"post","8":"first","9":"instock","10":"taxable","11":"shipping-taxable","12":"purchasable","13":"product-type-simple"},"_links":{"self":[{"href":"https:\/\/cienfuegos.fr\/index.php\/wp-json\/wp\/v2\/product\/14447","targetHints":{"allow":["GET"]}}],"collection":[{"href":"https:\/\/cienfuegos.fr\/index.php\/wp-json\/wp\/v2\/product"}],"about":[{"href":"https:\/\/cienfuegos.fr\/index.php\/wp-json\/wp\/v2\/types\/product"}],"replies":[{"embeddable":true,"href":"https:\/\/cienfuegos.fr\/index.php\/wp-json\/wp\/v2\/comments?post=14447"}],"wp:attachment":[{"href":"https:\/\/cienfuegos.fr\/index.php\/wp-json\/wp\/v2\/media?parent=14447"}],"curies":[{"name":"wp","href":"https:\/\/api.w.org\/{rel}","templated":true}]}}