{"id":14417,"date":"2020-11-24T20:36:28","date_gmt":"2020-11-24T19:36:28","guid":{"rendered":"https:\/\/cienfuegos.fr\/?post_type=product&#038;p=14417"},"modified":"2020-11-24T20:36:29","modified_gmt":"2020-11-24T19:36:29","slug":"la-pantalla-global","status":"publish","type":"product","link":"https:\/\/cienfuegos.fr\/index.php\/product\/la-pantalla-global\/","title":{"rendered":"La pantalla global"},"content":{"rendered":"","protected":false},"excerpt":{"rendered":"<p>Autor: Lipovetsky y Serroy<br \/>\nEditorial: Anagrama<br \/>\nA\u00f1o de publicaci\u00f3n:<br \/>\nN\u00famero de p\u00e1ginas:<br \/>\nI.S.B.N:<\/p>\n<p>La pantalla global, que contextualiza alrededor de cuatrocientas pel\u00edculas, est\u00e1 organizado como una historia compacta de las metamorfosis t\u00e9cnicas del cine, y al mismo tiempo como un ensayo de est\u00e9tica que sostiene que el cine nunca entr\u00f3 en conflicto con la sociedad de consumo, sino que se adapt\u00f3 a ella, formate\u00f3 su conducta diaria, sus fantas\u00edas y su concepci\u00f3n del mundo. Mientras generaba un infinito linaje de pantallas que garantizaban la cuadratura de la realidad, se convirti\u00f3 en hipercine, en todopantalla, en modelo art\u00edstico, social y antropol\u00f3gico, y en principal punto de referencia de una sociedad que ha destruido los grandes sistemas referenciales. El cine, con sus miradas y pantallas, es la expresi\u00f3n por excelencia de la sensibilidad del mundo actual. El cine no est\u00e1 pues en decadencia; el cine est\u00e1 en una fase de transformaci\u00f3n fruct\u00edfera y con \u00e9l todo el mundo audiovisual.<\/p>\n","protected":false},"featured_media":0,"comment_status":"open","ping_status":"closed","template":"","meta":[],"class_list":{"0":"post-14417","1":"product","2":"type-product","3":"status-publish","5":"product_cat-ensayo-filosofia","6":"post","8":"first","9":"instock","10":"taxable","11":"shipping-taxable","12":"purchasable","13":"product-type-simple"},"_links":{"self":[{"href":"https:\/\/cienfuegos.fr\/index.php\/wp-json\/wp\/v2\/product\/14417","targetHints":{"allow":["GET"]}}],"collection":[{"href":"https:\/\/cienfuegos.fr\/index.php\/wp-json\/wp\/v2\/product"}],"about":[{"href":"https:\/\/cienfuegos.fr\/index.php\/wp-json\/wp\/v2\/types\/product"}],"replies":[{"embeddable":true,"href":"https:\/\/cienfuegos.fr\/index.php\/wp-json\/wp\/v2\/comments?post=14417"}],"wp:attachment":[{"href":"https:\/\/cienfuegos.fr\/index.php\/wp-json\/wp\/v2\/media?parent=14417"}],"curies":[{"name":"wp","href":"https:\/\/api.w.org\/{rel}","templated":true}]}}