{"id":14412,"date":"2020-11-24T20:30:12","date_gmt":"2020-11-24T19:30:12","guid":{"rendered":"https:\/\/cienfuegos.fr\/?post_type=product&#038;p=14412"},"modified":"2020-11-24T20:30:12","modified_gmt":"2020-11-24T19:30:12","slug":"historia-del-nombre-y-la-fundacion-de-mexico","status":"publish","type":"product","link":"https:\/\/cienfuegos.fr\/index.php\/product\/historia-del-nombre-y-la-fundacion-de-mexico\/","title":{"rendered":"Historia del nombre y la fundaci\u00f3n de M\u00e9xico"},"content":{"rendered":"","protected":false},"excerpt":{"rendered":"<p>Autor: Tib\u00f3n, Gutierre<br \/>\nEditorial: Fondo de cultura econ\u00f3mica<br \/>\nA\u00f1o de publicaci\u00f3n: 2005<br \/>\nN\u00famero de p\u00e1ginas:<br \/>\nI.S.B.N:<\/p>\n","protected":false},"featured_media":0,"comment_status":"open","ping_status":"closed","template":"","meta":[],"class_list":{"0":"post-14412","1":"product","2":"type-product","3":"status-publish","5":"product_cat-ensayo-historia","6":"post","8":"first","9":"instock","10":"taxable","11":"shipping-taxable","12":"purchasable","13":"product-type-simple"},"_links":{"self":[{"href":"https:\/\/cienfuegos.fr\/index.php\/wp-json\/wp\/v2\/product\/14412","targetHints":{"allow":["GET"]}}],"collection":[{"href":"https:\/\/cienfuegos.fr\/index.php\/wp-json\/wp\/v2\/product"}],"about":[{"href":"https:\/\/cienfuegos.fr\/index.php\/wp-json\/wp\/v2\/types\/product"}],"replies":[{"embeddable":true,"href":"https:\/\/cienfuegos.fr\/index.php\/wp-json\/wp\/v2\/comments?post=14412"}],"wp:attachment":[{"href":"https:\/\/cienfuegos.fr\/index.php\/wp-json\/wp\/v2\/media?parent=14412"}],"curies":[{"name":"wp","href":"https:\/\/api.w.org\/{rel}","templated":true}]}}