{"id":14408,"date":"2020-11-24T20:26:55","date_gmt":"2020-11-24T19:26:55","guid":{"rendered":"https:\/\/cienfuegos.fr\/?post_type=product&#038;p=14408"},"modified":"2020-11-24T20:26:55","modified_gmt":"2020-11-24T19:26:55","slug":"obra-poetica-7","status":"publish","type":"product","link":"https:\/\/cienfuegos.fr\/index.php\/product\/obra-poetica-7\/","title":{"rendered":"Obra po\u00e9tica"},"content":{"rendered":"","protected":false},"excerpt":{"rendered":"<p>Autor: Huidobro, Vicente<br \/>\nEditorial:<br \/>\nA\u00f1o de publicaci\u00f3n:<br \/>\nN\u00famero de p\u00e1ginas:<br \/>\nI.S.B.N:<\/p>\n<p>Edici\u00f3n cr\u00edtica anotada con extensas introducciones, textos complementarios, variantes de textos originales, ap\u00e9ndices, anotaciones marginales y a pie de p\u00e1gina, etc. *** Escribe Sa\u00fal Yurki\u00e9vich en la presentaci\u00f3n: \u00abPortentoso poeta, la importancia de Huidobro es a la vez eventual e intr\u00ednseca, inmanente. Est\u00e1 favorecida por la circunstancia hist\u00f3rica, por el corte radical de todos los continuos (pol\u00edtico, social, cient\u00edfico, tecnol\u00f3gico, filos\u00f3fico, art\u00edstico). Poniendo en juego el m\u00e1ximo de libertad, se propone conquistar el m\u00e1ximo de autonom\u00eda po\u00e9tica. Poseedor de una imaginaci\u00f3n omn\u00edmoda, demi\u00fargica, desaf\u00eda a la Madre Naturaleza cortando el cord\u00f3n umbilical que liga el lenguaje a la limitativa realidad. No imitar a la naturaleza, preconiza, en sus manifestaciones exteriores sino en su capacidad generadora\u00bb. Edici\u00f3n cr\u00edtica al cargo de Cedomil Goic. Completa y plenamente documentada. Toda la poes\u00eda de Vicente Huidobro.<\/p>\n","protected":false},"featured_media":0,"comment_status":"open","ping_status":"closed","template":"","meta":[],"class_list":{"0":"post-14408","1":"product","2":"type-product","3":"status-publish","5":"product_cat-poesia","6":"post","8":"first","9":"instock","10":"taxable","11":"shipping-taxable","12":"purchasable","13":"product-type-simple"},"_links":{"self":[{"href":"https:\/\/cienfuegos.fr\/index.php\/wp-json\/wp\/v2\/product\/14408","targetHints":{"allow":["GET"]}}],"collection":[{"href":"https:\/\/cienfuegos.fr\/index.php\/wp-json\/wp\/v2\/product"}],"about":[{"href":"https:\/\/cienfuegos.fr\/index.php\/wp-json\/wp\/v2\/types\/product"}],"replies":[{"embeddable":true,"href":"https:\/\/cienfuegos.fr\/index.php\/wp-json\/wp\/v2\/comments?post=14408"}],"wp:attachment":[{"href":"https:\/\/cienfuegos.fr\/index.php\/wp-json\/wp\/v2\/media?parent=14408"}],"curies":[{"name":"wp","href":"https:\/\/api.w.org\/{rel}","templated":true}]}}