{"id":14406,"date":"2020-11-24T20:25:17","date_gmt":"2020-11-24T19:25:17","guid":{"rendered":"https:\/\/cienfuegos.fr\/?post_type=product&#038;p=14406"},"modified":"2020-11-24T20:25:17","modified_gmt":"2020-11-24T19:25:17","slug":"martin-fierro","status":"publish","type":"product","link":"https:\/\/cienfuegos.fr\/index.php\/product\/martin-fierro\/","title":{"rendered":"Mart\u00edn Fierro"},"content":{"rendered":"","protected":false},"excerpt":{"rendered":"<p>Autor: Hern\u00e1ndez, Jos\u00e9<br \/>\nEditorial:<br \/>\nA\u00f1o de publicaci\u00f3n:<br \/>\nN\u00famero de p\u00e1ginas:<br \/>\nI.S.B.N:<\/p>\n<p>Edici\u00f3n cr\u00edtica anotada con extensas introducciones, textos complementarios, variantes de textos originales, ap\u00e9ndices, anotaciones marginales y a pie de p\u00e1gina, etc. *** A cargo de \u00c9lida Lois y \u00c1ngel N\u00fa\u00f1ez, la edici\u00f3n del poema emblem\u00e1tico de la literatura argentina, Mart\u00edn Fierro, de Jos\u00e9 Hern\u00e1ndez, completa la misi\u00f3n original de la Archivos: ofrecer ediciones acuciosamente cuidadas y con un aparato cr\u00edtico inmejorable, algunos de los t\u00edtulos cl\u00e1sicos de la literatura hispanoamericana. Mart\u00edn Fierro es la historia de un regreso a casa y del recuerdo de un pasado casi m\u00edtico. Jorge Luis Borges advirti\u00f3 en este poema gauchesco la inevitable influencia hom\u00e9rica y tambi\u00e9n lo determinante que ser\u00eda para su propia obra.<\/p>\n","protected":false},"featured_media":0,"comment_status":"open","ping_status":"closed","template":"","meta":[],"class_list":{"0":"post-14406","1":"product","2":"type-product","3":"status-publish","5":"product_cat-poesia","6":"post","8":"first","9":"instock","10":"taxable","11":"shipping-taxable","12":"purchasable","13":"product-type-simple"},"_links":{"self":[{"href":"https:\/\/cienfuegos.fr\/index.php\/wp-json\/wp\/v2\/product\/14406","targetHints":{"allow":["GET"]}}],"collection":[{"href":"https:\/\/cienfuegos.fr\/index.php\/wp-json\/wp\/v2\/product"}],"about":[{"href":"https:\/\/cienfuegos.fr\/index.php\/wp-json\/wp\/v2\/types\/product"}],"replies":[{"embeddable":true,"href":"https:\/\/cienfuegos.fr\/index.php\/wp-json\/wp\/v2\/comments?post=14406"}],"wp:attachment":[{"href":"https:\/\/cienfuegos.fr\/index.php\/wp-json\/wp\/v2\/media?parent=14406"}],"curies":[{"name":"wp","href":"https:\/\/api.w.org\/{rel}","templated":true}]}}