{"id":14404,"date":"2020-11-24T20:22:22","date_gmt":"2020-11-24T19:22:22","guid":{"rendered":"https:\/\/cienfuegos.fr\/?post_type=product&#038;p=14404"},"modified":"2020-11-24T20:22:22","modified_gmt":"2020-11-24T19:22:22","slug":"museo-de-la-novela-de-la-eterna-2","status":"publish","type":"product","link":"https:\/\/cienfuegos.fr\/index.php\/product\/museo-de-la-novela-de-la-eterna-2\/","title":{"rendered":"Museo de la novela de la Eterna"},"content":{"rendered":"","protected":false},"excerpt":{"rendered":"<p>Autor: Fern\u00e1ndez, Macedonio<br \/>\nEditorial:<br \/>\nA\u00f1o de publicaci\u00f3n:<br \/>\nN\u00famero de p\u00e1ginas:<br \/>\nI.S.B.N:<\/p>\n<p>Condici\u00f3n: New. Estado de la sobrecubierta: mit Schutzumschlag. 1a. reimpr. de la 2. 170 x 240 mm. Archivos 25. LXXIX + 591p., Sprache: Spanisch, NUEVO \/ NEU \/ NEW. tapa dura con sobrecubierta, 17&#215;24 cm. Edici\u00f3n cr\u00edtica coordinada por Ana Mar\u00eda Camblog y Adolfo de Obieta. Novela ajena al concepto de realidad canonizado por la tradici\u00f3n literaria, centrada en la cuesti\u00f3n de verosimilitud de experiencias mentales confundidas en el texto como un itinerario de disgresiones en torno a un \u00fanico personaje: el lector. El \u00abMuseo de la Novela de la Eterna\u00bb es la expresi\u00f3n concisa, pormenorizada, tal vez concluida, de un \u00abescritor a la vista\u00bb siempre aplazado por s\u00ed mismo. Papel biblia, signatura y retrato del autor, cinta de registro. En perfecto estado.<\/p>\n","protected":false},"featured_media":0,"comment_status":"open","ping_status":"closed","template":"","meta":[],"class_list":{"0":"post-14404","1":"product","2":"type-product","3":"status-publish","5":"product_cat-narrativa","6":"post","8":"first","9":"instock","10":"taxable","11":"shipping-taxable","12":"purchasable","13":"product-type-simple"},"_links":{"self":[{"href":"https:\/\/cienfuegos.fr\/index.php\/wp-json\/wp\/v2\/product\/14404","targetHints":{"allow":["GET"]}}],"collection":[{"href":"https:\/\/cienfuegos.fr\/index.php\/wp-json\/wp\/v2\/product"}],"about":[{"href":"https:\/\/cienfuegos.fr\/index.php\/wp-json\/wp\/v2\/types\/product"}],"replies":[{"embeddable":true,"href":"https:\/\/cienfuegos.fr\/index.php\/wp-json\/wp\/v2\/comments?post=14404"}],"wp:attachment":[{"href":"https:\/\/cienfuegos.fr\/index.php\/wp-json\/wp\/v2\/media?parent=14404"}],"curies":[{"name":"wp","href":"https:\/\/api.w.org\/{rel}","templated":true}]}}