{"id":14401,"date":"2020-11-24T20:20:11","date_gmt":"2020-11-24T19:20:11","guid":{"rendered":"https:\/\/cienfuegos.fr\/?post_type=product&#038;p=14401"},"modified":"2020-11-24T20:20:11","modified_gmt":"2020-11-24T19:20:11","slug":"hombres-de-maiz","status":"publish","type":"product","link":"https:\/\/cienfuegos.fr\/index.php\/product\/hombres-de-maiz\/","title":{"rendered":"Hombres de ma\u00edz"},"content":{"rendered":"","protected":false},"excerpt":{"rendered":"<p>Autor: Asturias, Miguel \u00c1ngel<br \/>\nEditorial:<br \/>\nA\u00f1o de publicaci\u00f3n:<br \/>\nN\u00famero de p\u00e1ginas:<br \/>\nI.S.B.N:<\/p>\n<p>Edici\u00f3n cr\u00edtica anotada con extensas introducciones, textos complementarios, variantes de textos originales, ap\u00e9ndices, anotaciones marginales y a pie de p\u00e1gina, etc. *** Gerald Martin, coordinador de este estudio, escribe en la introducci\u00f3n: \u00abCon este tomo se presenta la edici\u00f3n cr\u00edtica de una de las novelas m\u00e1s dif\u00edciles y menos estudiadas, en t\u00e9rminos relativos, de Am\u00e9rica Latina. En este sentido se podr\u00e1 decir que es una de las ediciones cr\u00edticas m\u00e1s necesarias de la Colecci\u00f3n Archivos\u00bb. Los dos ensayos sobre la historia, g\u00e9nesis y trayectoria del texto los escribi\u00f3 Gerald Martin. En los an\u00e1lisis tem\u00e1tico, ling\u00fc\u00edstico e ideol\u00f3gico de la obra participan Dante Liano, Arturo Arias, Martin Lienhard y Gordon Brotherston, entre otros. Complementa la edici\u00f3n una extensa bibliograf\u00eda y una cronolog\u00eda del autor.<\/p>\n","protected":false},"featured_media":0,"comment_status":"open","ping_status":"closed","template":"","meta":[],"class_list":{"0":"post-14401","1":"product","2":"type-product","3":"status-publish","5":"product_cat-narrativa","6":"post","8":"first","9":"instock","10":"taxable","11":"shipping-taxable","12":"purchasable","13":"product-type-simple"},"_links":{"self":[{"href":"https:\/\/cienfuegos.fr\/index.php\/wp-json\/wp\/v2\/product\/14401","targetHints":{"allow":["GET"]}}],"collection":[{"href":"https:\/\/cienfuegos.fr\/index.php\/wp-json\/wp\/v2\/product"}],"about":[{"href":"https:\/\/cienfuegos.fr\/index.php\/wp-json\/wp\/v2\/types\/product"}],"replies":[{"embeddable":true,"href":"https:\/\/cienfuegos.fr\/index.php\/wp-json\/wp\/v2\/comments?post=14401"}],"wp:attachment":[{"href":"https:\/\/cienfuegos.fr\/index.php\/wp-json\/wp\/v2\/media?parent=14401"}],"curies":[{"name":"wp","href":"https:\/\/api.w.org\/{rel}","templated":true}]}}