{"id":14296,"date":"2020-11-23T23:07:37","date_gmt":"2020-11-23T22:07:37","guid":{"rendered":"https:\/\/cienfuegos.fr\/?post_type=product&#038;p=14296"},"modified":"2020-11-23T23:07:38","modified_gmt":"2020-11-23T22:07:38","slug":"obra-completa-3","status":"publish","type":"product","link":"https:\/\/cienfuegos.fr\/index.php\/product\/obra-completa-3\/","title":{"rendered":"Obra Completa"},"content":{"rendered":"","protected":false},"excerpt":{"rendered":"<p>Autor: Sarduy, Severo<br \/>\nEditorial:<br \/>\nA\u00f1o de publicaci\u00f3n:<br \/>\nN\u00famero de p\u00e1ginas:<br \/>\nI.S.B.N:<\/p>\n<p>Colecci\u00f3n Archivos, 1999. Hard Cover. Condici\u00f3n: New. Estado de la sobrecubierta: New. 2 vols. 24 x 17 cm. Juego completo de 2 tomos. Complete 2 vol. set. Vol. 1: 1006 p. ; 24&#215;17 cm, ISBN: 84-89666-42-3; Vol. II: 878 p. ; 24&#215;17 cm, ISBN: 84-89666-43-1. Un volumen en la famosa COLECCI\u00d3N ARCHIVOS DE LA LITERATURA LATINOAMERICANA. Edici\u00f3n cr\u00edtica anotada con extensas introducciones, textos complementarios, variantes de textos originales, ap\u00e9ndices, anotaciones marginales y a pie de p\u00e1gina, etc. *** Con la aparici\u00f3n de estos dos vol\u00famenes, Severo Sarduy viene a ocupar al fin el sitio que le corresponde dentro del canon de la literatura hispanoamericana moderna. Esta edici\u00f3n cr\u00edtica fue coordinada por Gustavo Guerrero y Fran\u00e7ois Wahl, y contiene estudios de Alain Badiou, Adolfo Casta\u00f1\u00f3n, Roberto Gonz\u00e1lez Echevarr\u00eda, Gustavo Guerrero, Guy Larderau, Fran\u00e7ois Moulin Civil y Fran\u00e7ois Wahl, entre otros.<\/p>\n","protected":false},"featured_media":0,"comment_status":"open","ping_status":"closed","template":"","meta":[],"class_list":{"0":"post-14296","1":"product","2":"type-product","3":"status-publish","5":"product_cat-poesia-ensayo-narrativa","6":"post","8":"first","9":"instock","10":"taxable","11":"shipping-taxable","12":"purchasable","13":"product-type-simple"},"_links":{"self":[{"href":"https:\/\/cienfuegos.fr\/index.php\/wp-json\/wp\/v2\/product\/14296","targetHints":{"allow":["GET"]}}],"collection":[{"href":"https:\/\/cienfuegos.fr\/index.php\/wp-json\/wp\/v2\/product"}],"about":[{"href":"https:\/\/cienfuegos.fr\/index.php\/wp-json\/wp\/v2\/types\/product"}],"replies":[{"embeddable":true,"href":"https:\/\/cienfuegos.fr\/index.php\/wp-json\/wp\/v2\/comments?post=14296"}],"wp:attachment":[{"href":"https:\/\/cienfuegos.fr\/index.php\/wp-json\/wp\/v2\/media?parent=14296"}],"curies":[{"name":"wp","href":"https:\/\/api.w.org\/{rel}","templated":true}]}}