{"id":14294,"date":"2020-11-23T23:04:38","date_gmt":"2020-11-23T22:04:38","guid":{"rendered":"https:\/\/cienfuegos.fr\/?post_type=product&#038;p=14294"},"modified":"2024-03-24T17:45:25","modified_gmt":"2024-03-24T16:45:25","slug":"triste-fim-de-policarpo-quaresma","status":"publish","type":"product","link":"https:\/\/cienfuegos.fr\/index.php\/product\/triste-fim-de-policarpo-quaresma\/","title":{"rendered":"Triste Fim de Policarpo Quaresma"},"content":{"rendered":"","protected":false},"excerpt":{"rendered":"<p>Autor: Lima, Barreto<br \/>\nEditorial:<br \/>\nA\u00f1o de publicaci\u00f3n:<br \/>\nN\u00famero de p\u00e1ginas:<br \/>\nI.S.B.N:<\/p>\n<p>Colecci\u00f3n Archivos, 1997. Hard Cover. Condici\u00f3n: New. Estado de la sobrecubierta: New. 655 pp. ; 24 x 17 cm. Un volumen en la famosa COLECCI\u00d3N ARCHIVOS DE LA LITERATURA LATINOAMERICANA. Edici\u00f3n cr\u00edtica anotada con extensas introducciones, textos complementarios, variantes de textos originales, ap\u00e9ndices, anotaciones marginales y a pie de p\u00e1gina, etc. *** Esta edici\u00f3n cr\u00edtica de la novela de Lima Barreto tiene como texto de base aqu\u00e9lla publicada en 1915. Carmem L\u00facia Negreiros de Figueiredo, Antonio Hovaiss, coordinadores, y un grupo de especialistas, presentan un estudio de la historia de esta novela de follet\u00edn, sus variantes en las posteriores ediciones, su recepci\u00f3n cr\u00edtica y su importancia en la literatura popular brasile\u00f1a. Los ensayos que aparecen en la presente edici\u00f3n adem\u00e1s de esta novela, abordan tambi\u00e9n otras obras del autor.<\/p>\n","protected":false},"featured_media":0,"comment_status":"open","ping_status":"closed","template":"","meta":[],"class_list":{"0":"post-14294","1":"product","2":"type-product","3":"status-publish","5":"product_cat-narrativa","6":"post","8":"first","9":"instock","10":"taxable","11":"shipping-taxable","12":"purchasable","13":"product-type-simple"},"_links":{"self":[{"href":"https:\/\/cienfuegos.fr\/index.php\/wp-json\/wp\/v2\/product\/14294","targetHints":{"allow":["GET"]}}],"collection":[{"href":"https:\/\/cienfuegos.fr\/index.php\/wp-json\/wp\/v2\/product"}],"about":[{"href":"https:\/\/cienfuegos.fr\/index.php\/wp-json\/wp\/v2\/types\/product"}],"replies":[{"embeddable":true,"href":"https:\/\/cienfuegos.fr\/index.php\/wp-json\/wp\/v2\/comments?post=14294"}],"wp:attachment":[{"href":"https:\/\/cienfuegos.fr\/index.php\/wp-json\/wp\/v2\/media?parent=14294"}],"curies":[{"name":"wp","href":"https:\/\/api.w.org\/{rel}","templated":true}]}}