{"id":14288,"date":"2020-11-23T22:59:54","date_gmt":"2020-11-23T21:59:54","guid":{"rendered":"https:\/\/cienfuegos.fr\/?post_type=product&#038;p=14288"},"modified":"2020-11-23T22:59:54","modified_gmt":"2020-11-23T21:59:54","slug":"mensagem-poemas-esotericos","status":"publish","type":"product","link":"https:\/\/cienfuegos.fr\/index.php\/product\/mensagem-poemas-esotericos\/","title":{"rendered":"Mensagem: poemas esot\u00e9ricos"},"content":{"rendered":"","protected":false},"excerpt":{"rendered":"<p>Autor: Pessoa, Fernando<br \/>\nEditorial:<br \/>\nA\u00f1o de publicaci\u00f3n:<br \/>\nN\u00famero de p\u00e1ginas:<br \/>\nI.S.B.N:<\/p>\n<p>Edici\u00f3n cr\u00edtica anotada con extensas introducciones, textos complementarios, variantes de textos originales, ap\u00e9ndices, anotaciones marginales y a pie de p\u00e1gina, etc. *** Esta edici\u00f3n cr\u00edtica de la poes\u00eda de Pessoa est\u00e1 coordinada por Jos\u00e9 Augusto Seabra y colaboraron en el an\u00e1lisis de la obra los siguientes investigadores portugueses: On\u00e9simo Teot\u00f3nio Almeida, Jos\u00e9 Blanco, Y.K. Centeno, Dalila Pereira da Costa, Adrien Roig, Ant\u00f3nio Quadros y Maria Helena da Rocha Pereira; as\u00ed mismo, colabor\u00f3 un investigador de Brasil : Jose Edil; uno de Lima: Alves, y uno de Francia: Adrien Roig. Complementan la edici\u00f3n una cronolog\u00eda y una bibliograf\u00eda del autor.<\/p>\n","protected":false},"featured_media":0,"comment_status":"open","ping_status":"closed","template":"","meta":[],"class_list":{"0":"post-14288","1":"product","2":"type-product","3":"status-publish","5":"product_cat-poesia","6":"post","8":"first","9":"instock","10":"taxable","11":"shipping-taxable","12":"purchasable","13":"product-type-simple"},"_links":{"self":[{"href":"https:\/\/cienfuegos.fr\/index.php\/wp-json\/wp\/v2\/product\/14288","targetHints":{"allow":["GET"]}}],"collection":[{"href":"https:\/\/cienfuegos.fr\/index.php\/wp-json\/wp\/v2\/product"}],"about":[{"href":"https:\/\/cienfuegos.fr\/index.php\/wp-json\/wp\/v2\/types\/product"}],"replies":[{"embeddable":true,"href":"https:\/\/cienfuegos.fr\/index.php\/wp-json\/wp\/v2\/comments?post=14288"}],"wp:attachment":[{"href":"https:\/\/cienfuegos.fr\/index.php\/wp-json\/wp\/v2\/media?parent=14288"}],"curies":[{"name":"wp","href":"https:\/\/api.w.org\/{rel}","templated":true}]}}