{"id":14286,"date":"2020-11-23T22:55:07","date_gmt":"2020-11-23T21:55:07","guid":{"rendered":"https:\/\/cienfuegos.fr\/?post_type=product&#038;p=14286"},"modified":"2020-11-23T22:55:07","modified_gmt":"2020-11-23T21:55:07","slug":"canaima","status":"publish","type":"product","link":"https:\/\/cienfuegos.fr\/index.php\/product\/canaima\/","title":{"rendered":"Canaima"},"content":{"rendered":"","protected":false},"excerpt":{"rendered":"<p>Autor: Gallegos, R\u00f3mulo<br \/>\nEditorial: Archivos<br \/>\nA\u00f1o de publicaci\u00f3n:<br \/>\nN\u00famero de p\u00e1ginas:<br \/>\nI.S.B.N:<\/p>\n<p>Edici\u00f3n cr\u00edtica anotada con extensas introducciones, textos complementarios, variantes de textos originales, ap\u00e9ndices, anotaciones marginales y a pie de p\u00e1gina, etc. *** Los estudios cr\u00edticos publicados en esta edici\u00f3n, coordinada por Charles Minguet, constituyen un aporte nuevo de la cr\u00edtica literaria galleguiana; responden a las reflexiones que inspira a Fran\u00e7ois Delprat a la revisi\u00f3n minuciosa que nos ofrece de Canaima. Los estudios aqu\u00ed reunidos aportan m\u00e1s luz sobre los procesos creadores de Gallegos. Como lo apuntan los colaboradores: John S. Brushwood, Juan Liscano, Gustavo Guerrero, Maya Sch\u00e4rer, y especialmente Fran\u00e7oise P\u00e9rus, Canaima presenta, junto con los rasgos tradicionales propios de la producci\u00f3n novelesca de los a\u00f1os treinta, nuevos caracteres narrativos que anuncian ya lo que en los a\u00f1os cincuenta de este siglo se llamar\u00e1 nueva novela.<\/p>\n","protected":false},"featured_media":0,"comment_status":"open","ping_status":"closed","template":"","meta":[],"class_list":{"0":"post-14286","1":"product","2":"type-product","3":"status-publish","5":"product_cat-narrativa","6":"post","8":"first","9":"instock","10":"taxable","11":"shipping-taxable","12":"purchasable","13":"product-type-simple"},"_links":{"self":[{"href":"https:\/\/cienfuegos.fr\/index.php\/wp-json\/wp\/v2\/product\/14286","targetHints":{"allow":["GET"]}}],"collection":[{"href":"https:\/\/cienfuegos.fr\/index.php\/wp-json\/wp\/v2\/product"}],"about":[{"href":"https:\/\/cienfuegos.fr\/index.php\/wp-json\/wp\/v2\/types\/product"}],"replies":[{"embeddable":true,"href":"https:\/\/cienfuegos.fr\/index.php\/wp-json\/wp\/v2\/comments?post=14286"}],"wp:attachment":[{"href":"https:\/\/cienfuegos.fr\/index.php\/wp-json\/wp\/v2\/media?parent=14286"}],"curies":[{"name":"wp","href":"https:\/\/api.w.org\/{rel}","templated":true}]}}