{"id":14280,"date":"2020-11-23T22:42:21","date_gmt":"2020-11-23T21:42:21","guid":{"rendered":"https:\/\/cienfuegos.fr\/?post_type=product&#038;p=14280"},"modified":"2020-11-23T22:42:22","modified_gmt":"2020-11-23T21:42:22","slug":"paradiso","status":"publish","type":"product","link":"https:\/\/cienfuegos.fr\/index.php\/product\/paradiso\/","title":{"rendered":"Paradiso"},"content":{"rendered":"","protected":false},"excerpt":{"rendered":"<p>Autor: Lezama Lima, Jos\u00e9<br \/>\nEditorial: Archivos<br \/>\nA\u00f1o de publicaci\u00f3n:<br \/>\nN\u00famero de p\u00e1ginas:<br \/>\nI.S.B.N:<\/p>\n<p>Hard Cover. Condici\u00f3n: New. Estado de la sobrecubierta: New. 762 pp. ; 23 x 16 cm Un volumen en la famosa COLECCI\u00d3N ARCHIVOS DE LA LITERATURA LATINOAMERICANA. Edici\u00f3n cr\u00edtica anotada con extensas introducciones, textos complementarios, variantes de textos originales, ap\u00e9ndices, anotaciones marginales y a pie de p\u00e1gina, etc. *** Paradiso es, en principio, el viaje ritual que Dante Alighieri cumple en la Divina Comedia, al tener que descender a los infiernos para luego reaparecer dejando en prenda su luz en la oscuridad. Esto hace de Paradiso una obra aut\u00e9nticamente dentro de la tradici\u00f3n \u00f3rfica. La edici\u00f3n cr\u00edtica de esta obra fundamental de la literatura latinoamericana est\u00e1 coordinada por Cintio Vitier y participan en el an\u00e1lisis de la obra: Ciro Bianchi Ross, Raquel Carri\u00f3, Julio Ortega, Benito Pelegr\u00edn, Severo Sarduy, Justo C. Ulloa y Mar\u00eda Zambrano, entre otros.<\/p>\n","protected":false},"featured_media":0,"comment_status":"open","ping_status":"closed","template":"","meta":[],"class_list":{"0":"post-14280","1":"product","2":"type-product","3":"status-publish","5":"product_cat-narrativa","6":"post","8":"first","9":"instock","10":"taxable","11":"shipping-taxable","12":"purchasable","13":"product-type-simple"},"_links":{"self":[{"href":"https:\/\/cienfuegos.fr\/index.php\/wp-json\/wp\/v2\/product\/14280","targetHints":{"allow":["GET"]}}],"collection":[{"href":"https:\/\/cienfuegos.fr\/index.php\/wp-json\/wp\/v2\/product"}],"about":[{"href":"https:\/\/cienfuegos.fr\/index.php\/wp-json\/wp\/v2\/types\/product"}],"replies":[{"embeddable":true,"href":"https:\/\/cienfuegos.fr\/index.php\/wp-json\/wp\/v2\/comments?post=14280"}],"wp:attachment":[{"href":"https:\/\/cienfuegos.fr\/index.php\/wp-json\/wp\/v2\/media?parent=14280"}],"curies":[{"name":"wp","href":"https:\/\/api.w.org\/{rel}","templated":true}]}}