{"id":14278,"date":"2020-11-23T22:40:48","date_gmt":"2020-11-23T21:40:48","guid":{"rendered":"https:\/\/cienfuegos.fr\/?post_type=product&#038;p=14278"},"modified":"2022-04-01T17:00:15","modified_gmt":"2022-04-01T15:00:15","slug":"rayuela","status":"publish","type":"product","link":"https:\/\/cienfuegos.fr\/index.php\/product\/rayuela\/","title":{"rendered":"Rayuela"},"content":{"rendered":"","protected":false},"excerpt":{"rendered":"<p>Autor: Cort\u00e1zar, Julio<br \/>\nEditorial: Archivos<br \/>\nA\u00f1o de publicaci\u00f3n:<br \/>\nN\u00famero de p\u00e1ginas:<br \/>\nI.S.B.N:<\/p>\n<p>Edici\u00f3n cr\u00edtica anotada con extensas introducciones, textos complementarios, variantes de textos originales, ap\u00e9ndices, anotaciones marginales y a pie de p\u00e1gina, etc. *** En esta edici\u00f3n cr\u00edtica se re\u00fane una serie de investigadores con miras plurales, pero unidos por una l\u00facida admiraci\u00f3n por la obra de Julio Cort\u00e1zar y en su mayor\u00eda ligados a ella directamente por un v\u00ednculo amistoso. Entre los investigadores que participan en esta edici\u00f3n se encuentran: Graciela Montaldo, Ana Mar\u00eda Barrenechea, Luis Harss, Carlos Fuentes, Jos\u00e9 Lezama Lima y Fernando Alegr\u00eda.<\/p>\n","protected":false},"featured_media":0,"comment_status":"open","ping_status":"closed","template":"","meta":[],"class_list":{"0":"post-14278","1":"product","2":"type-product","3":"status-publish","5":"product_cat-narrativa","6":"post","8":"first","9":"instock","10":"taxable","11":"shipping-taxable","12":"purchasable","13":"product-type-simple"},"_links":{"self":[{"href":"https:\/\/cienfuegos.fr\/index.php\/wp-json\/wp\/v2\/product\/14278","targetHints":{"allow":["GET"]}}],"collection":[{"href":"https:\/\/cienfuegos.fr\/index.php\/wp-json\/wp\/v2\/product"}],"about":[{"href":"https:\/\/cienfuegos.fr\/index.php\/wp-json\/wp\/v2\/types\/product"}],"replies":[{"embeddable":true,"href":"https:\/\/cienfuegos.fr\/index.php\/wp-json\/wp\/v2\/comments?post=14278"}],"wp:attachment":[{"href":"https:\/\/cienfuegos.fr\/index.php\/wp-json\/wp\/v2\/media?parent=14278"}],"curies":[{"name":"wp","href":"https:\/\/api.w.org\/{rel}","templated":true}]}}