{"id":14276,"date":"2020-11-23T22:35:39","date_gmt":"2020-11-23T21:35:39","guid":{"rendered":"https:\/\/cienfuegos.fr\/?post_type=product&#038;p=14276"},"modified":"2020-11-23T22:35:40","modified_gmt":"2020-11-23T21:35:40","slug":"todos-los-cuentos-2","status":"publish","type":"product","link":"https:\/\/cienfuegos.fr\/index.php\/product\/todos-los-cuentos-2\/","title":{"rendered":"Todos los cuentos"},"content":{"rendered":"","protected":false},"excerpt":{"rendered":"<p>Autor: Quiroga, Horacio<br \/>\nEditorial: Archivos<br \/>\nA\u00f1o de publicaci\u00f3n:<br \/>\nN\u00famero de p\u00e1ginas:<br \/>\nI.S.B.N:<\/p>\n<p>Condici\u00f3n: New. Estado de la sobrecubierta: New. 1460 pp. ; 25 x 17 cm. Un volumen en la famosa COLECCI\u00d3N ARCHIVOS DE LA LITERATURA LATINOAMERICANA. Edici\u00f3n cr\u00edtica anotada con extensas introducciones, textos complementarios, variantes de textos originales, ap\u00e9ndices, anotaciones marginales y a pie de p\u00e1gina, etc. *** M\u00e1s que situarlo en una escuela o reconocer sus deudas, importa ver la originalidad que aport\u00f3 Horacio Quiroga a nuestra literatura. La m\u00e1s evidente es que para Latinoam\u00e9rica, Quiroga es el inventor del cuento. Para esta edici\u00f3n cr\u00edtica colaboraron: Martha L. Canfield, Abelardo Castillo, Carlos D\u00e1maso Mart\u00ednez, Milagros Ezquerro, Dario Puccini y Beatriz Sarlo, entre otros.<\/p>\n","protected":false},"featured_media":0,"comment_status":"open","ping_status":"closed","template":"","meta":[],"class_list":{"0":"post-14276","1":"product","2":"type-product","3":"status-publish","5":"product_cat-narrativa","6":"post","8":"first","9":"instock","10":"taxable","11":"shipping-taxable","12":"purchasable","13":"product-type-simple"},"_links":{"self":[{"href":"https:\/\/cienfuegos.fr\/index.php\/wp-json\/wp\/v2\/product\/14276","targetHints":{"allow":["GET"]}}],"collection":[{"href":"https:\/\/cienfuegos.fr\/index.php\/wp-json\/wp\/v2\/product"}],"about":[{"href":"https:\/\/cienfuegos.fr\/index.php\/wp-json\/wp\/v2\/types\/product"}],"replies":[{"embeddable":true,"href":"https:\/\/cienfuegos.fr\/index.php\/wp-json\/wp\/v2\/comments?post=14276"}],"wp:attachment":[{"href":"https:\/\/cienfuegos.fr\/index.php\/wp-json\/wp\/v2\/media?parent=14276"}],"curies":[{"name":"wp","href":"https:\/\/api.w.org\/{rel}","templated":true}]}}