{"id":14274,"date":"2020-11-23T22:33:11","date_gmt":"2020-11-23T21:33:11","guid":{"rendered":"https:\/\/cienfuegos.fr\/?post_type=product&#038;p=14274"},"modified":"2020-11-23T22:33:12","modified_gmt":"2020-11-23T21:33:12","slug":"las-memorias-de-mama-blanca","status":"publish","type":"product","link":"https:\/\/cienfuegos.fr\/index.php\/product\/las-memorias-de-mama-blanca\/","title":{"rendered":"Las memorias de Mam\u00e1 Blanca"},"content":{"rendered":"","protected":false},"excerpt":{"rendered":"<p>Autor: De la Parra, Teresa<br \/>\nEditorial:<br \/>\nA\u00f1o de publicaci\u00f3n:<br \/>\nN\u00famero de p\u00e1ginas:<br \/>\nI.S.B.N:<\/p>\n<p>Encuadernaci\u00f3n de tapa dura. Condici\u00f3n: Nuevo. Edici\u00f3n Cr\u00edtica. Carton\u00e9 con sobrecubierta ilustrada. 24 x 17 cm. N\u00ba 9 de la \u00abColecci\u00f3n Archivos\u00bb.<\/p>\n","protected":false},"featured_media":0,"comment_status":"open","ping_status":"closed","template":"","meta":[],"class_list":{"0":"post-14274","1":"product","2":"type-product","3":"status-publish","5":"product_cat-narrativa","6":"post","8":"first","9":"instock","10":"taxable","11":"shipping-taxable","12":"purchasable","13":"product-type-simple"},"_links":{"self":[{"href":"https:\/\/cienfuegos.fr\/index.php\/wp-json\/wp\/v2\/product\/14274","targetHints":{"allow":["GET"]}}],"collection":[{"href":"https:\/\/cienfuegos.fr\/index.php\/wp-json\/wp\/v2\/product"}],"about":[{"href":"https:\/\/cienfuegos.fr\/index.php\/wp-json\/wp\/v2\/types\/product"}],"replies":[{"embeddable":true,"href":"https:\/\/cienfuegos.fr\/index.php\/wp-json\/wp\/v2\/comments?post=14274"}],"wp:attachment":[{"href":"https:\/\/cienfuegos.fr\/index.php\/wp-json\/wp\/v2\/media?parent=14274"}],"curies":[{"name":"wp","href":"https:\/\/api.w.org\/{rel}","templated":true}]}}