{"id":14264,"date":"2020-11-23T22:16:01","date_gmt":"2020-11-23T21:16:01","guid":{"rendered":"https:\/\/cienfuegos.fr\/?post_type=product&#038;p=14264"},"modified":"2020-11-23T22:16:01","modified_gmt":"2020-11-23T21:16:01","slug":"obra-completa-2","status":"publish","type":"product","link":"https:\/\/cienfuegos.fr\/index.php\/product\/obra-completa-2\/","title":{"rendered":"Obra completa"},"content":{"rendered":"","protected":false},"excerpt":{"rendered":"<p>Autor: Girondo, Oliverio<br \/>\nEditorial: Archivos<br \/>\nA\u00f1o de publicaci\u00f3n:<br \/>\nN\u00famero de p\u00e1ginas:<br \/>\nI.S.B.N:<\/p>\n<p>Edici\u00f3n cr\u00edtica anotada con extensas introducciones, textos complementarios, variantes de textos originales, ap\u00e9ndices, anotaciones marginales y a pie de p\u00e1gina, etc. *** El investigador brasile\u00f1o Ra\u00fal Antelo es el encargado de la edici\u00f3n cr\u00edtica de la obra de Girondo que comienza con \u00abVeinte poemas para ser le\u00eddos en el tranv\u00eda\u00bb y termina con algunos textos dispersos que fueron aqu\u00ed compilados. Antelo y los colaboradores de esta edici\u00f3n otorgan al lector una visi\u00f3n reveladora de la trayectoria estil\u00edstica, recepci\u00f3n cr\u00edtica e historia editorial de la obra po\u00e9tica del escritor bonaerense. El trabajo cr\u00edtico viene acompa\u00f1ado de poemas de Neruda, Bonvicino y Arturo Carrera, y un cuaderno de im\u00e1genes presentado por Patricia M. Artundo, a manera de homenaje.<\/p>\n","protected":false},"featured_media":0,"comment_status":"open","ping_status":"closed","template":"","meta":[],"class_list":{"0":"post-14264","1":"product","2":"type-product","3":"status-publish","5":"product_cat-poesia","6":"post","8":"first","9":"instock","10":"taxable","11":"shipping-taxable","12":"purchasable","13":"product-type-simple"},"_links":{"self":[{"href":"https:\/\/cienfuegos.fr\/index.php\/wp-json\/wp\/v2\/product\/14264","targetHints":{"allow":["GET"]}}],"collection":[{"href":"https:\/\/cienfuegos.fr\/index.php\/wp-json\/wp\/v2\/product"}],"about":[{"href":"https:\/\/cienfuegos.fr\/index.php\/wp-json\/wp\/v2\/types\/product"}],"replies":[{"embeddable":true,"href":"https:\/\/cienfuegos.fr\/index.php\/wp-json\/wp\/v2\/comments?post=14264"}],"wp:attachment":[{"href":"https:\/\/cienfuegos.fr\/index.php\/wp-json\/wp\/v2\/media?parent=14264"}],"curies":[{"name":"wp","href":"https:\/\/api.w.org\/{rel}","templated":true}]}}