{"id":14258,"date":"2020-11-23T22:11:48","date_gmt":"2020-11-23T21:11:48","guid":{"rendered":"https:\/\/cienfuegos.fr\/?post_type=product&#038;p=14258"},"modified":"2020-11-23T22:11:48","modified_gmt":"2020-11-23T21:11:48","slug":"wanderlust-una-historia-del-caminar-2","status":"publish","type":"product","link":"https:\/\/cienfuegos.fr\/index.php\/product\/wanderlust-una-historia-del-caminar-2\/","title":{"rendered":"Wanderlust. Una historia del caminar"},"content":{"rendered":"","protected":false},"excerpt":{"rendered":"<p>Autor: Solnit, Rebecca<br \/>\nEditorial: Hueders<br \/>\nA\u00f1o de publicaci\u00f3n:<br \/>\nN\u00famero de p\u00e1ginas:<br \/>\nI.S.B.N:<\/p>\n<p>Un fascinante retrato de la infinita gama de posibilidades que se presentan a pie. Analizando temas que van desde la evoluci\u00f3n anat\u00f3mica hasta el dise\u00f1o de las ciudades, pasando por las cintas de correr, los clubes de senderismo y las costumbres sexuales, Solnit sostiene que las diferentes variantes del desplazamiento pedestre \u00bfincluido caminar por placer\u00bf suponen una acci\u00f3n pol\u00edtica, est\u00e9tica y de gran significado social. Para ello se centra en los caminantes m\u00e1s significativos de la historia y de la narrativa, cuyos actos extremos y cotidianos han dado forma a nuestra cultura.<\/p>\n","protected":false},"featured_media":0,"comment_status":"open","ping_status":"closed","template":"","meta":[],"class_list":{"0":"post-14258","1":"product","2":"type-product","3":"status-publish","5":"product_cat-ensayo","6":"post","8":"first","9":"instock","10":"taxable","11":"shipping-taxable","12":"purchasable","13":"product-type-simple"},"_links":{"self":[{"href":"https:\/\/cienfuegos.fr\/index.php\/wp-json\/wp\/v2\/product\/14258","targetHints":{"allow":["GET"]}}],"collection":[{"href":"https:\/\/cienfuegos.fr\/index.php\/wp-json\/wp\/v2\/product"}],"about":[{"href":"https:\/\/cienfuegos.fr\/index.php\/wp-json\/wp\/v2\/types\/product"}],"replies":[{"embeddable":true,"href":"https:\/\/cienfuegos.fr\/index.php\/wp-json\/wp\/v2\/comments?post=14258"}],"wp:attachment":[{"href":"https:\/\/cienfuegos.fr\/index.php\/wp-json\/wp\/v2\/media?parent=14258"}],"curies":[{"name":"wp","href":"https:\/\/api.w.org\/{rel}","templated":true}]}}